


{"id":684,"date":"2019-03-11T07:03:36","date_gmt":"2019-03-11T07:03:36","guid":{"rendered":"https:\/\/qhair.fi\/?page_id=684"},"modified":"2022-09-12T17:02:39","modified_gmt":"2022-09-12T14:02:39","slug":"albertinkatu","status":"publish","type":"page","link":"https:\/\/qhair.fi\/en\/salons\/albertinkatu\/","title":{"rendered":"Albertinkatu"},"content":{"rendered":"<p><strong>How to find Q Hair Albertinkatu:<\/strong><\/p>\n<p>&nbsp;<\/p>\n<p><strong>Public transportation:<\/strong>\u00a0It\u2019s about 10 minute walk from Kamppi along Albertinkatu to our salon. If walking isn\u2019t an option, the bus line 18 from Kamppi stops in front of our salon. From the Railway station you can reach us by bus line line 17, which also stops in front of our salon. Tram line 3 stops at Iso Roobertinkatu stop, and then it\u2019s about 300m walk. Here\u2019s a link to the <a href=\"https:\/\/reittiopas.hsl.fi\/Albertinkatu%2022-24%2C%20Helsinki%3A%3A60.162126%2C24.935998\/-\/lahellasi\">route guide<\/a>.<\/p>\n<p><strong>By car:<\/strong>\u00a0There is often parking space on the street, but during rush hours you should be prepared to drive a few laps around the block to find a place. Area street parking is included in the payment zone 2. The closest parking garages are <a href=\"https:\/\/autoparkki.net\/index.php\/pysaekoeintialueet\/p-aleksanterinteatteri\">Autoparkki Aleksanterin Teatteri<\/a> and <a href=\"https:\/\/www.q-park.fi\/en-gb\/cities\/helsinki\/pikku-erottaja\/\">Pikku-Erottaja<\/a>.<\/p>\n<h4 style=\"text-align: left;\">3D presentation of the Albertinkatu salon:<\/h4>\n<p><iframe loading=\"lazy\" style=\"border: 0;\" src=\"https:\/\/www.google.com\/maps\/embed?pb=!4v1662991005097!6m8!1m7!1sCAoSLEFGMVFpcE5iUGFUQUctb2V5amJpenpRZGE0cHNqdmd1cmUtaXpET2w2RkFV!2m2!1d60.16208507992288!2d24.93624954708493!3f199.17!4f-7.400000000000006!5f0.7820865974627469\" width=\"600\" height=\"450\" allowfullscreen=\"allowfullscreen\"><\/iframe><\/p>\n","protected":false},"excerpt":{"rendered":"<p>How to find Q Hair Albertinkatu: &nbsp; Public transportation:\u00a0It\u2019s about 10 minute walk from Kamppi along Albertinkatu to our salon. If walking isn\u2019t an option, the bus line 18 from Kamppi stops in front of our salon. From the Railway station you can reach us by bus line line 17, which also stops in front [&hellip;]<\/p>\n","protected":false},"author":3,"featured_media":0,"parent":374,"menu_order":0,"comment_status":"open","ping_status":"closed","template":"inc\/salongit-child.php","meta":{"_acf_changed":false,"_improvement_type_select":"improve_an_existing","_thumb_yes_seoaic":false,"_frame_yes_seoaic":false,"seoaic_generate_description":"","seoaic_improve_instructions_prompt":"","seoaic_rollback_content_improvement":"","seoaic_idea_thumbnail_generator":"","thumbnail_generated":false,"thumbnail_generate_prompt":"","seoaic_article_description":"","footnotes":""},"class_list":["post-684","page","type-page","status-publish","hentry","entry"],"acf":[],"yoast_head":"<!-- This site is optimized with the Yoast SEO Premium plugin v27.4 (Yoast SEO v27.4) - https:\/\/yoast.com\/product\/yoast-seo-premium-wordpress\/ -->\n<title>Albertinkatu - Q Hair | Helsinki best hair salon<\/title>\n<meta name=\"robots\" content=\"index, follow, max-snippet:-1, max-image-preview:large, max-video-preview:-1\" \/>\n<link rel=\"canonical\" href=\"https:\/\/qhair.fi\/salongit\/albertinkatu\/\" \/>\n<meta property=\"og:locale\" content=\"en_US\" \/>\n<meta property=\"og:type\" content=\"article\" \/>\n<meta property=\"og:title\" content=\"Albertinkatu\" \/>\n<meta property=\"og:description\" content=\"How to find Q Hair Albertinkatu: &nbsp; Public transportation:\u00a0It\u2019s about 10 minute walk from Kamppi along Albertinkatu to our salon. If walking isn\u2019t an option, the bus line 18 from Kamppi stops in front of our salon. From the Railway station you can reach us by bus line line 17, which also stops in front [&hellip;]\" \/>\n<meta property=\"og:url\" content=\"https:\/\/qhair.fi\/salongit\/albertinkatu\/\" \/>\n<meta property=\"og:site_name\" content=\"Q Hair | Helsinki best hair salon\" \/>\n<meta property=\"article:publisher\" content=\"http:\/\/facebook.com\/hairq\/\" \/>\n<meta property=\"article:modified_time\" content=\"2022-09-12T14:02:39+00:00\" \/>\n<meta property=\"og:image\" content=\"https:\/\/i0.wp.com\/qhair.fi\/wp-content\/uploads\/2019\/08\/q_hair_logo_uusi.jpg?fit=344%2C467&ssl=1\" \/>\n\t<meta property=\"og:image:width\" content=\"344\" \/>\n\t<meta property=\"og:image:height\" content=\"467\" \/>\n\t<meta property=\"og:image:type\" content=\"image\/jpeg\" \/>\n<meta name=\"twitter:card\" content=\"summary_large_image\" \/>\n<meta name=\"twitter:site\" content=\"@qhairq\" \/>\n<meta name=\"twitter:label1\" content=\"Est. reading time\" \/>\n\t<meta name=\"twitter:data1\" content=\"1 minute\" \/>\n<script type=\"application\/ld+json\" class=\"yoast-schema-graph\">{\"@context\":\"https:\\\/\\\/schema.org\",\"@graph\":[{\"@type\":\"WebPage\",\"@id\":\"https:\\\/\\\/qhair.fi\\\/salongit\\\/albertinkatu\\\/\",\"url\":\"https:\\\/\\\/qhair.fi\\\/salongit\\\/albertinkatu\\\/\",\"name\":\"Albertinkatu - Q Hair | Helsinki best hair salon\",\"isPartOf\":{\"@id\":\"https:\\\/\\\/qhair.fi\\\/#website\"},\"datePublished\":\"2019-03-11T07:03:36+00:00\",\"dateModified\":\"2022-09-12T14:02:39+00:00\",\"breadcrumb\":{\"@id\":\"https:\\\/\\\/qhair.fi\\\/salongit\\\/albertinkatu\\\/#breadcrumb\"},\"inLanguage\":\"en-US\",\"potentialAction\":[{\"@type\":\"ReadAction\",\"target\":[\"https:\\\/\\\/qhair.fi\\\/salongit\\\/albertinkatu\\\/\"]}]},{\"@type\":\"BreadcrumbList\",\"@id\":\"https:\\\/\\\/qhair.fi\\\/salongit\\\/albertinkatu\\\/#breadcrumb\",\"itemListElement\":[{\"@type\":\"ListItem\",\"position\":1,\"name\":\"Home\",\"item\":\"https:\\\/\\\/qhair.fi\\\/\"},{\"@type\":\"ListItem\",\"position\":2,\"name\":\"salons\",\"item\":\"https:\\\/\\\/qhair.fi\\\/salongit\\\/\"},{\"@type\":\"ListItem\",\"position\":3,\"name\":\"Albertinkatu\"}]},{\"@type\":\"WebSite\",\"@id\":\"https:\\\/\\\/qhair.fi\\\/#website\",\"url\":\"https:\\\/\\\/qhair.fi\\\/\",\"name\":\"Q Hair\",\"description\":\"Q Hair on edell\u00e4k\u00e4vij\u00e4 kampaamo Helsingin keskustassa. Saat meilt\u00e4 kaikki hiussalonkipalvelut alan uusimmilla tekniikoilla mm. hiustenleikkuut, klassiset v\u00e4rj\u00e4ykset, balayage, ombre, raidat, pidennykset, brasilialainen keratiinisuoristus ja parturi-palvelut.\",\"publisher\":{\"@id\":\"https:\\\/\\\/qhair.fi\\\/#organization\"},\"potentialAction\":[{\"@type\":\"SearchAction\",\"target\":{\"@type\":\"EntryPoint\",\"urlTemplate\":\"https:\\\/\\\/qhair.fi\\\/?s={search_term_string}\"},\"query-input\":{\"@type\":\"PropertyValueSpecification\",\"valueRequired\":true,\"valueName\":\"search_term_string\"}}],\"inLanguage\":\"en-US\"},{\"@type\":\"Organization\",\"@id\":\"https:\\\/\\\/qhair.fi\\\/#organization\",\"name\":\"Q Hair\",\"url\":\"https:\\\/\\\/qhair.fi\\\/\",\"logo\":{\"@type\":\"ImageObject\",\"inLanguage\":\"en-US\",\"@id\":\"https:\\\/\\\/qhair.fi\\\/#\\\/schema\\\/logo\\\/image\\\/\",\"url\":\"https:\\\/\\\/i0.wp.com\\\/qhair.fi\\\/wp-content\\\/uploads\\\/2019\\\/08\\\/q_hair_logo_uusi.jpg?fit=344%2C467&ssl=1\",\"contentUrl\":\"https:\\\/\\\/i0.wp.com\\\/qhair.fi\\\/wp-content\\\/uploads\\\/2019\\\/08\\\/q_hair_logo_uusi.jpg?fit=344%2C467&ssl=1\",\"width\":344,\"height\":467,\"caption\":\"Q Hair\"},\"image\":{\"@id\":\"https:\\\/\\\/qhair.fi\\\/#\\\/schema\\\/logo\\\/image\\\/\"},\"sameAs\":[\"http:\\\/\\\/facebook.com\\\/hairq\\\/\",\"https:\\\/\\\/x.com\\\/qhairq\",\"https:\\\/\\\/www.instagram.com\\\/qhairq\\\/\"]}]}<\/script>\n<!-- \/ Yoast SEO Premium plugin. -->","yoast_head_json":{"title":"Albertinkatu - Q Hair | Helsinki best hair salon","robots":{"index":"index","follow":"follow","max-snippet":"max-snippet:-1","max-image-preview":"max-image-preview:large","max-video-preview":"max-video-preview:-1"},"canonical":"https:\/\/qhair.fi\/salongit\/albertinkatu\/","og_locale":"en_US","og_type":"article","og_title":"Albertinkatu","og_description":"How to find Q Hair Albertinkatu: &nbsp; Public transportation:\u00a0It\u2019s about 10 minute walk from Kamppi along Albertinkatu to our salon. If walking isn\u2019t an option, the bus line 18 from Kamppi stops in front of our salon. From the Railway station you can reach us by bus line line 17, which also stops in front [&hellip;]","og_url":"https:\/\/qhair.fi\/salongit\/albertinkatu\/","og_site_name":"Q Hair | Helsinki best hair salon","article_publisher":"http:\/\/facebook.com\/hairq\/","article_modified_time":"2022-09-12T14:02:39+00:00","og_image":[{"width":344,"height":467,"url":"https:\/\/i0.wp.com\/qhair.fi\/wp-content\/uploads\/2019\/08\/q_hair_logo_uusi.jpg?fit=344%2C467&ssl=1","type":"image\/jpeg"}],"twitter_card":"summary_large_image","twitter_site":"@qhairq","twitter_misc":{"Est. reading time":"1 minute"},"schema":{"@context":"https:\/\/schema.org","@graph":[{"@type":"WebPage","@id":"https:\/\/qhair.fi\/salongit\/albertinkatu\/","url":"https:\/\/qhair.fi\/salongit\/albertinkatu\/","name":"Albertinkatu - Q Hair | Helsinki best hair salon","isPartOf":{"@id":"https:\/\/qhair.fi\/#website"},"datePublished":"2019-03-11T07:03:36+00:00","dateModified":"2022-09-12T14:02:39+00:00","breadcrumb":{"@id":"https:\/\/qhair.fi\/salongit\/albertinkatu\/#breadcrumb"},"inLanguage":"en-US","potentialAction":[{"@type":"ReadAction","target":["https:\/\/qhair.fi\/salongit\/albertinkatu\/"]}]},{"@type":"BreadcrumbList","@id":"https:\/\/qhair.fi\/salongit\/albertinkatu\/#breadcrumb","itemListElement":[{"@type":"ListItem","position":1,"name":"Home","item":"https:\/\/qhair.fi\/"},{"@type":"ListItem","position":2,"name":"salons","item":"https:\/\/qhair.fi\/salongit\/"},{"@type":"ListItem","position":3,"name":"Albertinkatu"}]},{"@type":"WebSite","@id":"https:\/\/qhair.fi\/#website","url":"https:\/\/qhair.fi\/","name":"Q Hair","description":"Q Hair on edell\u00e4k\u00e4vij\u00e4 kampaamo Helsingin keskustassa. Saat meilt\u00e4 kaikki hiussalonkipalvelut alan uusimmilla tekniikoilla mm. hiustenleikkuut, klassiset v\u00e4rj\u00e4ykset, balayage, ombre, raidat, pidennykset, brasilialainen keratiinisuoristus ja parturi-palvelut.","publisher":{"@id":"https:\/\/qhair.fi\/#organization"},"potentialAction":[{"@type":"SearchAction","target":{"@type":"EntryPoint","urlTemplate":"https:\/\/qhair.fi\/?s={search_term_string}"},"query-input":{"@type":"PropertyValueSpecification","valueRequired":true,"valueName":"search_term_string"}}],"inLanguage":"en-US"},{"@type":"Organization","@id":"https:\/\/qhair.fi\/#organization","name":"Q Hair","url":"https:\/\/qhair.fi\/","logo":{"@type":"ImageObject","inLanguage":"en-US","@id":"https:\/\/qhair.fi\/#\/schema\/logo\/image\/","url":"https:\/\/i0.wp.com\/qhair.fi\/wp-content\/uploads\/2019\/08\/q_hair_logo_uusi.jpg?fit=344%2C467&ssl=1","contentUrl":"https:\/\/i0.wp.com\/qhair.fi\/wp-content\/uploads\/2019\/08\/q_hair_logo_uusi.jpg?fit=344%2C467&ssl=1","width":344,"height":467,"caption":"Q Hair"},"image":{"@id":"https:\/\/qhair.fi\/#\/schema\/logo\/image\/"},"sameAs":["http:\/\/facebook.com\/hairq\/","https:\/\/x.com\/qhairq","https:\/\/www.instagram.com\/qhairq\/"]}]}},"jetpack_sharing_enabled":true,"_links":{"self":[{"href":"https:\/\/qhair.fi\/en\/wp-json\/wp\/v2\/pages\/684","targetHints":{"allow":["GET"]}}],"collection":[{"href":"https:\/\/qhair.fi\/en\/wp-json\/wp\/v2\/pages"}],"about":[{"href":"https:\/\/qhair.fi\/en\/wp-json\/wp\/v2\/types\/page"}],"author":[{"embeddable":true,"href":"https:\/\/qhair.fi\/en\/wp-json\/wp\/v2\/users\/3"}],"replies":[{"embeddable":true,"href":"https:\/\/qhair.fi\/en\/wp-json\/wp\/v2\/comments?post=684"}],"version-history":[{"count":2,"href":"https:\/\/qhair.fi\/en\/wp-json\/wp\/v2\/pages\/684\/revisions"}],"predecessor-version":[{"id":10666,"href":"https:\/\/qhair.fi\/en\/wp-json\/wp\/v2\/pages\/684\/revisions\/10666"}],"up":[{"embeddable":true,"href":"https:\/\/qhair.fi\/en\/wp-json\/wp\/v2\/pages\/374"}],"wp:attachment":[{"href":"https:\/\/qhair.fi\/en\/wp-json\/wp\/v2\/media?parent=684"}],"curies":[{"name":"wp","href":"https:\/\/api.w.org\/{rel}","templated":true}]}}