


{"id":679,"date":"2019-03-11T06:58:41","date_gmt":"2019-03-11T06:58:41","guid":{"rendered":"https:\/\/qhair.fi\/?page_id=679"},"modified":"2022-09-12T17:03:29","modified_gmt":"2022-09-12T14:03:29","slug":"malminrinne","status":"publish","type":"page","link":"https:\/\/qhair.fi\/en\/salons\/malminrinne\/","title":{"rendered":"Malminrinne"},"content":{"rendered":"<p><strong>How to find Q Hair Malminrinne:<\/strong><\/p>\n<p>&nbsp;<\/p>\n<p><strong>Public transportation:<\/strong> Q Hair Malminrinne is a few minute walk from Kamppi metro station and the bus terminal. Trams 7 and 9 stops about 200m from the salon. Here\u2019s a link to the <a href=\"https:\/\/reittiopas.hsl.fi\/Malminrinne%202-4%2C%20Helsinki%3A%3A60.167341%2C24.930769\/-\/lahellasi\">route guide<\/a>.<\/p>\n<p><strong>By car: <\/strong>There is often parking space on the street, but during rush hours you should be prepared to drive a few laps around the block to find a place. The nearest parking garages are in Kamppi and Forum.<\/p>\n<h4 style=\"text-align: left;\">3D presentation of the Malminrinne salon:<\/h4>\n<p><iframe loading=\"lazy\" style=\"border: 0;\" src=\"https:\/\/www.google.com\/maps\/embed?pb=!4v1662990116927!6m8!1m7!1sCAoSLEFGMVFpcE1OenpJZ2lyaERvSHUyVy1FblBBVUxacGk2LTRLcVJBVEFOYVZj!2m2!1d60.16663759277464!2d24.93043260033864!3f258.82!4f-4.930000000000007!5f0.7820865974627469\" width=\"600\" height=\"450\" allowfullscreen=\"allowfullscreen\"><\/iframe><\/p>\n","protected":false},"excerpt":{"rendered":"<p>How to find Q Hair Malminrinne: &nbsp; Public transportation: Q Hair Malminrinne is a few minute walk from Kamppi metro station and the bus terminal. Trams 7 and 9 stops about 200m from the salon. Here\u2019s a link to the route guide. By car: There is often parking space on the street, but during rush [&hellip;]<\/p>\n","protected":false},"author":3,"featured_media":0,"parent":374,"menu_order":0,"comment_status":"open","ping_status":"closed","template":"inc\/salongit-child.php","meta":{"_acf_changed":false,"_improvement_type_select":"improve_an_existing","_thumb_yes_seoaic":false,"_frame_yes_seoaic":false,"seoaic_generate_description":"","seoaic_improve_instructions_prompt":"","seoaic_rollback_content_improvement":"","seoaic_idea_thumbnail_generator":"","thumbnail_generated":false,"thumbnail_generate_prompt":"","seoaic_article_description":"","footnotes":""},"class_list":["post-679","page","type-page","status-publish","hentry","entry"],"acf":[],"yoast_head":"<!-- This site is optimized with the Yoast SEO Premium plugin v27.2 (Yoast SEO v27.4) - https:\/\/yoast.com\/product\/yoast-seo-premium-wordpress\/ -->\n<title>Malminrinne - Q Hair | Helsinki best hair salon<\/title>\n<meta name=\"robots\" content=\"index, follow, max-snippet:-1, max-image-preview:large, max-video-preview:-1\" \/>\n<link rel=\"canonical\" href=\"https:\/\/qhair.fi\/salongit\/malminrinne\/\" \/>\n<meta property=\"og:locale\" content=\"en_US\" \/>\n<meta property=\"og:type\" content=\"article\" \/>\n<meta property=\"og:title\" content=\"Malminrinne\" \/>\n<meta property=\"og:description\" content=\"How to find Q Hair Malminrinne: &nbsp; Public transportation: Q Hair Malminrinne is a few minute walk from Kamppi metro station and the bus terminal. Trams 7 and 9 stops about 200m from the salon. Here\u2019s a link to the route guide. By car: There is often parking space on the street, but during rush [&hellip;]\" \/>\n<meta property=\"og:url\" content=\"https:\/\/qhair.fi\/salongit\/malminrinne\/\" \/>\n<meta property=\"og:site_name\" content=\"Q Hair | Helsinki best hair salon\" \/>\n<meta property=\"article:publisher\" content=\"http:\/\/facebook.com\/hairq\/\" \/>\n<meta property=\"article:modified_time\" content=\"2022-09-12T14:03:29+00:00\" \/>\n<meta property=\"og:image\" content=\"https:\/\/i0.wp.com\/qhair.fi\/wp-content\/uploads\/2019\/08\/q_hair_logo_uusi.jpg?fit=344%2C467&ssl=1\" \/>\n\t<meta property=\"og:image:width\" content=\"344\" \/>\n\t<meta property=\"og:image:height\" content=\"467\" \/>\n\t<meta property=\"og:image:type\" content=\"image\/jpeg\" \/>\n<meta name=\"twitter:card\" content=\"summary_large_image\" \/>\n<meta name=\"twitter:site\" content=\"@qhairq\" \/>\n<meta name=\"twitter:label1\" content=\"Est. reading time\" \/>\n\t<meta name=\"twitter:data1\" content=\"1 minute\" \/>\n<script type=\"application\/ld+json\" class=\"yoast-schema-graph\">{\"@context\":\"https:\\\/\\\/schema.org\",\"@graph\":[{\"@type\":\"WebPage\",\"@id\":\"https:\\\/\\\/qhair.fi\\\/salongit\\\/malminrinne\\\/\",\"url\":\"https:\\\/\\\/qhair.fi\\\/salongit\\\/malminrinne\\\/\",\"name\":\"Malminrinne - Q Hair | Helsinki best hair salon\",\"isPartOf\":{\"@id\":\"https:\\\/\\\/qhair.fi\\\/#website\"},\"datePublished\":\"2019-03-11T06:58:41+00:00\",\"dateModified\":\"2022-09-12T14:03:29+00:00\",\"breadcrumb\":{\"@id\":\"https:\\\/\\\/qhair.fi\\\/salongit\\\/malminrinne\\\/#breadcrumb\"},\"inLanguage\":\"en-US\",\"potentialAction\":[{\"@type\":\"ReadAction\",\"target\":[\"https:\\\/\\\/qhair.fi\\\/salongit\\\/malminrinne\\\/\"]}]},{\"@type\":\"BreadcrumbList\",\"@id\":\"https:\\\/\\\/qhair.fi\\\/salongit\\\/malminrinne\\\/#breadcrumb\",\"itemListElement\":[{\"@type\":\"ListItem\",\"position\":1,\"name\":\"Home\",\"item\":\"https:\\\/\\\/qhair.fi\\\/\"},{\"@type\":\"ListItem\",\"position\":2,\"name\":\"salons\",\"item\":\"https:\\\/\\\/qhair.fi\\\/salongit\\\/\"},{\"@type\":\"ListItem\",\"position\":3,\"name\":\"Malminrinne\"}]},{\"@type\":\"WebSite\",\"@id\":\"https:\\\/\\\/qhair.fi\\\/#website\",\"url\":\"https:\\\/\\\/qhair.fi\\\/\",\"name\":\"Q Hair\",\"description\":\"Q Hair on edell\u00e4k\u00e4vij\u00e4 kampaamo Helsingin keskustassa. Saat meilt\u00e4 kaikki hiussalonkipalvelut alan uusimmilla tekniikoilla mm. hiustenleikkuut, klassiset v\u00e4rj\u00e4ykset, balayage, ombre, raidat, pidennykset, brasilialainen keratiinisuoristus ja parturi-palvelut.\",\"publisher\":{\"@id\":\"https:\\\/\\\/qhair.fi\\\/#organization\"},\"potentialAction\":[{\"@type\":\"SearchAction\",\"target\":{\"@type\":\"EntryPoint\",\"urlTemplate\":\"https:\\\/\\\/qhair.fi\\\/?s={search_term_string}\"},\"query-input\":{\"@type\":\"PropertyValueSpecification\",\"valueRequired\":true,\"valueName\":\"search_term_string\"}}],\"inLanguage\":\"en-US\"},{\"@type\":\"Organization\",\"@id\":\"https:\\\/\\\/qhair.fi\\\/#organization\",\"name\":\"Q Hair\",\"url\":\"https:\\\/\\\/qhair.fi\\\/\",\"logo\":{\"@type\":\"ImageObject\",\"inLanguage\":\"en-US\",\"@id\":\"https:\\\/\\\/qhair.fi\\\/#\\\/schema\\\/logo\\\/image\\\/\",\"url\":\"https:\\\/\\\/i0.wp.com\\\/qhair.fi\\\/wp-content\\\/uploads\\\/2019\\\/08\\\/q_hair_logo_uusi.jpg?fit=344%2C467&ssl=1\",\"contentUrl\":\"https:\\\/\\\/i0.wp.com\\\/qhair.fi\\\/wp-content\\\/uploads\\\/2019\\\/08\\\/q_hair_logo_uusi.jpg?fit=344%2C467&ssl=1\",\"width\":344,\"height\":467,\"caption\":\"Q Hair\"},\"image\":{\"@id\":\"https:\\\/\\\/qhair.fi\\\/#\\\/schema\\\/logo\\\/image\\\/\"},\"sameAs\":[\"http:\\\/\\\/facebook.com\\\/hairq\\\/\",\"https:\\\/\\\/x.com\\\/qhairq\",\"https:\\\/\\\/www.instagram.com\\\/qhairq\\\/\"]}]}<\/script>\n<!-- \/ Yoast SEO Premium plugin. -->","yoast_head_json":{"title":"Malminrinne - Q Hair | Helsinki best hair salon","robots":{"index":"index","follow":"follow","max-snippet":"max-snippet:-1","max-image-preview":"max-image-preview:large","max-video-preview":"max-video-preview:-1"},"canonical":"https:\/\/qhair.fi\/salongit\/malminrinne\/","og_locale":"en_US","og_type":"article","og_title":"Malminrinne","og_description":"How to find Q Hair Malminrinne: &nbsp; Public transportation: Q Hair Malminrinne is a few minute walk from Kamppi metro station and the bus terminal. Trams 7 and 9 stops about 200m from the salon. Here\u2019s a link to the route guide. By car: There is often parking space on the street, but during rush [&hellip;]","og_url":"https:\/\/qhair.fi\/salongit\/malminrinne\/","og_site_name":"Q Hair | Helsinki best hair salon","article_publisher":"http:\/\/facebook.com\/hairq\/","article_modified_time":"2022-09-12T14:03:29+00:00","og_image":[{"width":344,"height":467,"url":"https:\/\/i0.wp.com\/qhair.fi\/wp-content\/uploads\/2019\/08\/q_hair_logo_uusi.jpg?fit=344%2C467&ssl=1","type":"image\/jpeg"}],"twitter_card":"summary_large_image","twitter_site":"@qhairq","twitter_misc":{"Est. reading time":"1 minute"},"schema":{"@context":"https:\/\/schema.org","@graph":[{"@type":"WebPage","@id":"https:\/\/qhair.fi\/salongit\/malminrinne\/","url":"https:\/\/qhair.fi\/salongit\/malminrinne\/","name":"Malminrinne - Q Hair | Helsinki best hair salon","isPartOf":{"@id":"https:\/\/qhair.fi\/#website"},"datePublished":"2019-03-11T06:58:41+00:00","dateModified":"2022-09-12T14:03:29+00:00","breadcrumb":{"@id":"https:\/\/qhair.fi\/salongit\/malminrinne\/#breadcrumb"},"inLanguage":"en-US","potentialAction":[{"@type":"ReadAction","target":["https:\/\/qhair.fi\/salongit\/malminrinne\/"]}]},{"@type":"BreadcrumbList","@id":"https:\/\/qhair.fi\/salongit\/malminrinne\/#breadcrumb","itemListElement":[{"@type":"ListItem","position":1,"name":"Home","item":"https:\/\/qhair.fi\/"},{"@type":"ListItem","position":2,"name":"salons","item":"https:\/\/qhair.fi\/salongit\/"},{"@type":"ListItem","position":3,"name":"Malminrinne"}]},{"@type":"WebSite","@id":"https:\/\/qhair.fi\/#website","url":"https:\/\/qhair.fi\/","name":"Q Hair","description":"Q Hair on edell\u00e4k\u00e4vij\u00e4 kampaamo Helsingin keskustassa. Saat meilt\u00e4 kaikki hiussalonkipalvelut alan uusimmilla tekniikoilla mm. hiustenleikkuut, klassiset v\u00e4rj\u00e4ykset, balayage, ombre, raidat, pidennykset, brasilialainen keratiinisuoristus ja parturi-palvelut.","publisher":{"@id":"https:\/\/qhair.fi\/#organization"},"potentialAction":[{"@type":"SearchAction","target":{"@type":"EntryPoint","urlTemplate":"https:\/\/qhair.fi\/?s={search_term_string}"},"query-input":{"@type":"PropertyValueSpecification","valueRequired":true,"valueName":"search_term_string"}}],"inLanguage":"en-US"},{"@type":"Organization","@id":"https:\/\/qhair.fi\/#organization","name":"Q Hair","url":"https:\/\/qhair.fi\/","logo":{"@type":"ImageObject","inLanguage":"en-US","@id":"https:\/\/qhair.fi\/#\/schema\/logo\/image\/","url":"https:\/\/i0.wp.com\/qhair.fi\/wp-content\/uploads\/2019\/08\/q_hair_logo_uusi.jpg?fit=344%2C467&ssl=1","contentUrl":"https:\/\/i0.wp.com\/qhair.fi\/wp-content\/uploads\/2019\/08\/q_hair_logo_uusi.jpg?fit=344%2C467&ssl=1","width":344,"height":467,"caption":"Q Hair"},"image":{"@id":"https:\/\/qhair.fi\/#\/schema\/logo\/image\/"},"sameAs":["http:\/\/facebook.com\/hairq\/","https:\/\/x.com\/qhairq","https:\/\/www.instagram.com\/qhairq\/"]}]}},"jetpack_sharing_enabled":true,"_links":{"self":[{"href":"https:\/\/qhair.fi\/en\/wp-json\/wp\/v2\/pages\/679","targetHints":{"allow":["GET"]}}],"collection":[{"href":"https:\/\/qhair.fi\/en\/wp-json\/wp\/v2\/pages"}],"about":[{"href":"https:\/\/qhair.fi\/en\/wp-json\/wp\/v2\/types\/page"}],"author":[{"embeddable":true,"href":"https:\/\/qhair.fi\/en\/wp-json\/wp\/v2\/users\/3"}],"replies":[{"embeddable":true,"href":"https:\/\/qhair.fi\/en\/wp-json\/wp\/v2\/comments?post=679"}],"version-history":[{"count":5,"href":"https:\/\/qhair.fi\/en\/wp-json\/wp\/v2\/pages\/679\/revisions"}],"predecessor-version":[{"id":10668,"href":"https:\/\/qhair.fi\/en\/wp-json\/wp\/v2\/pages\/679\/revisions\/10668"}],"up":[{"embeddable":true,"href":"https:\/\/qhair.fi\/en\/wp-json\/wp\/v2\/pages\/374"}],"wp:attachment":[{"href":"https:\/\/qhair.fi\/en\/wp-json\/wp\/v2\/media?parent=679"}],"curies":[{"name":"wp","href":"https:\/\/api.w.org\/{rel}","templated":true}]}}