


{"id":6763,"date":"2020-02-03T16:01:14","date_gmt":"2020-02-03T14:01:14","guid":{"rendered":"https:\/\/qhair.fi\/?page_id=6763"},"modified":"2026-02-23T16:01:55","modified_gmt":"2026-02-23T14:01:55","slug":"runeberginkatu","status":"publish","type":"page","link":"https:\/\/qhair.fi\/en\/salons\/runeberginkatu\/","title":{"rendered":"The Q Hair Lounge Runeberginkatu"},"content":{"rendered":"<p><strong>How to find Q Hair Runeberginkatu:<\/strong><\/p>\n<p>&nbsp;<\/p>\n<p><strong>Public transportation:<\/strong>We are located in the center of Kamppi. You can reach us easily by bus, tram or subway. It\u2019s about five minute walk from Central Railway Station. Here\u2019s a link to the\u00a0<a href=\"https:\/\/reittiopas.hsl.fi\/Runeberginkatu%204a%2C%20Helsinki%3A%3A60.168617%2C24.928263\/-\/lahellasi?time=1578395860\">route guide<\/a>.<\/p>\n<p><strong>By car:<\/strong> There is often parking space on the street, but during rush hours you should be prepared to spend some time to find a spot. You can leave your car in the Kamppi or Forum parking garage as well.<\/p>\n<p>&nbsp;<\/p>\n<h4 style=\"text-align: left;\">3D presentation of The Q Hair Lounge salon:<\/h4>\n<p><iframe loading=\"lazy\" style=\"border: 0;\" src=\"https:\/\/www.google.com\/maps\/embed?pb=!4v1662983881608!6m8!1m7!1sCAoSLEFGMVFpcE9BWUFBR1dCRmVQUUphalhZU1lQYi11QnlnbUxubWNZdkIwbEFj!2m2!1d60.16871315993532!2d24.92817581088385!3f136.15!4f-3.8700000000000045!5f0.7820865974627469\" width=\"600\" height=\"450\" allowfullscreen=\"allowfullscreen\"><\/iframe><\/p>\n","protected":false},"excerpt":{"rendered":"<p>How to find Q Hair Runeberginkatu: &nbsp; Public transportation:We are located in the center of Kamppi. You can reach us easily by bus, tram or subway. It\u2019s about five minute walk from Central Railway Station. Here\u2019s a link to the\u00a0route guide. By car: There is often parking space on the street, but during rush hours [&hellip;]<\/p>\n","protected":false},"author":3,"featured_media":0,"parent":374,"menu_order":0,"comment_status":"open","ping_status":"closed","template":"inc\/salongit-child.php","meta":{"_acf_changed":false,"_improvement_type_select":"improve_an_existing","_thumb_yes_seoaic":false,"_frame_yes_seoaic":false,"seoaic_generate_description":"","seoaic_improve_instructions_prompt":"","seoaic_rollback_content_improvement":"","seoaic_idea_thumbnail_generator":"","thumbnail_generated":false,"thumbnail_generate_prompt":"","seoaic_article_description":"","footnotes":""},"class_list":["post-6763","page","type-page","status-publish","hentry","entry"],"acf":[],"yoast_head":"<!-- This site is optimized with the Yoast SEO Premium plugin v27.2 (Yoast SEO v27.4) - https:\/\/yoast.com\/product\/yoast-seo-premium-wordpress\/ -->\n<title>The Q Hair Lounge Runeberginkatu - Q Hair | Helsinki best hair salon<\/title>\n<meta name=\"robots\" content=\"index, follow, max-snippet:-1, max-image-preview:large, max-video-preview:-1\" \/>\n<link rel=\"canonical\" href=\"https:\/\/qhair.fi\/salongit\/the-q-hair-lounge\/\" \/>\n<meta property=\"og:locale\" content=\"en_US\" \/>\n<meta property=\"og:type\" content=\"article\" \/>\n<meta property=\"og:title\" content=\"The Q Hair Lounge Runeberginkatu\" \/>\n<meta property=\"og:description\" content=\"How to find Q Hair Runeberginkatu: &nbsp; Public transportation:We are located in the center of Kamppi. You can reach us easily by bus, tram or subway. It\u2019s about five minute walk from Central Railway Station. Here\u2019s a link to the\u00a0route guide. By car: There is often parking space on the street, but during rush hours [&hellip;]\" \/>\n<meta property=\"og:url\" content=\"https:\/\/qhair.fi\/salongit\/the-q-hair-lounge\/\" \/>\n<meta property=\"og:site_name\" content=\"Q Hair | Helsinki best hair salon\" \/>\n<meta property=\"article:publisher\" content=\"http:\/\/facebook.com\/hairq\/\" \/>\n<meta property=\"article:modified_time\" content=\"2026-02-23T14:01:55+00:00\" \/>\n<meta property=\"og:image\" content=\"https:\/\/i0.wp.com\/qhair.fi\/wp-content\/uploads\/2019\/08\/q_hair_logo_uusi.jpg?fit=344%2C467&ssl=1\" \/>\n\t<meta property=\"og:image:width\" content=\"344\" \/>\n\t<meta property=\"og:image:height\" content=\"467\" \/>\n\t<meta property=\"og:image:type\" content=\"image\/jpeg\" \/>\n<meta name=\"twitter:card\" content=\"summary_large_image\" \/>\n<meta name=\"twitter:site\" content=\"@qhairq\" \/>\n<meta name=\"twitter:label1\" content=\"Est. reading time\" \/>\n\t<meta name=\"twitter:data1\" content=\"1 minute\" \/>\n<script type=\"application\/ld+json\" class=\"yoast-schema-graph\">{\"@context\":\"https:\\\/\\\/schema.org\",\"@graph\":[{\"@type\":\"WebPage\",\"@id\":\"https:\\\/\\\/qhair.fi\\\/salongit\\\/the-q-hair-lounge\\\/\",\"url\":\"https:\\\/\\\/qhair.fi\\\/salongit\\\/the-q-hair-lounge\\\/\",\"name\":\"The Q Hair Lounge Runeberginkatu - Q Hair | Helsinki best hair salon\",\"isPartOf\":{\"@id\":\"https:\\\/\\\/qhair.fi\\\/#website\"},\"datePublished\":\"2020-02-03T14:01:14+00:00\",\"dateModified\":\"2026-02-23T14:01:55+00:00\",\"breadcrumb\":{\"@id\":\"https:\\\/\\\/qhair.fi\\\/salongit\\\/the-q-hair-lounge\\\/#breadcrumb\"},\"inLanguage\":\"en-US\",\"potentialAction\":[{\"@type\":\"ReadAction\",\"target\":[\"https:\\\/\\\/qhair.fi\\\/salongit\\\/the-q-hair-lounge\\\/\"]}]},{\"@type\":\"BreadcrumbList\",\"@id\":\"https:\\\/\\\/qhair.fi\\\/salongit\\\/the-q-hair-lounge\\\/#breadcrumb\",\"itemListElement\":[{\"@type\":\"ListItem\",\"position\":1,\"name\":\"Home\",\"item\":\"https:\\\/\\\/qhair.fi\\\/\"},{\"@type\":\"ListItem\",\"position\":2,\"name\":\"salons\",\"item\":\"https:\\\/\\\/qhair.fi\\\/salongit\\\/\"},{\"@type\":\"ListItem\",\"position\":3,\"name\":\"The Q Hair Lounge Runeberginkatu\"}]},{\"@type\":\"WebSite\",\"@id\":\"https:\\\/\\\/qhair.fi\\\/#website\",\"url\":\"https:\\\/\\\/qhair.fi\\\/\",\"name\":\"Q Hair\",\"description\":\"Q Hair on edell\u00e4k\u00e4vij\u00e4 kampaamo Helsingin keskustassa. Saat meilt\u00e4 kaikki hiussalonkipalvelut alan uusimmilla tekniikoilla mm. hiustenleikkuut, klassiset v\u00e4rj\u00e4ykset, balayage, ombre, raidat, pidennykset, brasilialainen keratiinisuoristus ja parturi-palvelut.\",\"publisher\":{\"@id\":\"https:\\\/\\\/qhair.fi\\\/#organization\"},\"potentialAction\":[{\"@type\":\"SearchAction\",\"target\":{\"@type\":\"EntryPoint\",\"urlTemplate\":\"https:\\\/\\\/qhair.fi\\\/?s={search_term_string}\"},\"query-input\":{\"@type\":\"PropertyValueSpecification\",\"valueRequired\":true,\"valueName\":\"search_term_string\"}}],\"inLanguage\":\"en-US\"},{\"@type\":\"Organization\",\"@id\":\"https:\\\/\\\/qhair.fi\\\/#organization\",\"name\":\"Q Hair\",\"url\":\"https:\\\/\\\/qhair.fi\\\/\",\"logo\":{\"@type\":\"ImageObject\",\"inLanguage\":\"en-US\",\"@id\":\"https:\\\/\\\/qhair.fi\\\/#\\\/schema\\\/logo\\\/image\\\/\",\"url\":\"https:\\\/\\\/i0.wp.com\\\/qhair.fi\\\/wp-content\\\/uploads\\\/2019\\\/08\\\/q_hair_logo_uusi.jpg?fit=344%2C467&ssl=1\",\"contentUrl\":\"https:\\\/\\\/i0.wp.com\\\/qhair.fi\\\/wp-content\\\/uploads\\\/2019\\\/08\\\/q_hair_logo_uusi.jpg?fit=344%2C467&ssl=1\",\"width\":344,\"height\":467,\"caption\":\"Q Hair\"},\"image\":{\"@id\":\"https:\\\/\\\/qhair.fi\\\/#\\\/schema\\\/logo\\\/image\\\/\"},\"sameAs\":[\"http:\\\/\\\/facebook.com\\\/hairq\\\/\",\"https:\\\/\\\/x.com\\\/qhairq\",\"https:\\\/\\\/www.instagram.com\\\/qhairq\\\/\"]}]}<\/script>\n<!-- \/ Yoast SEO Premium plugin. -->","yoast_head_json":{"title":"The Q Hair Lounge Runeberginkatu - Q Hair | Helsinki best hair salon","robots":{"index":"index","follow":"follow","max-snippet":"max-snippet:-1","max-image-preview":"max-image-preview:large","max-video-preview":"max-video-preview:-1"},"canonical":"https:\/\/qhair.fi\/salongit\/the-q-hair-lounge\/","og_locale":"en_US","og_type":"article","og_title":"The Q Hair Lounge Runeberginkatu","og_description":"How to find Q Hair Runeberginkatu: &nbsp; Public transportation:We are located in the center of Kamppi. You can reach us easily by bus, tram or subway. It\u2019s about five minute walk from Central Railway Station. Here\u2019s a link to the\u00a0route guide. By car: There is often parking space on the street, but during rush hours [&hellip;]","og_url":"https:\/\/qhair.fi\/salongit\/the-q-hair-lounge\/","og_site_name":"Q Hair | Helsinki best hair salon","article_publisher":"http:\/\/facebook.com\/hairq\/","article_modified_time":"2026-02-23T14:01:55+00:00","og_image":[{"width":344,"height":467,"url":"https:\/\/i0.wp.com\/qhair.fi\/wp-content\/uploads\/2019\/08\/q_hair_logo_uusi.jpg?fit=344%2C467&ssl=1","type":"image\/jpeg"}],"twitter_card":"summary_large_image","twitter_site":"@qhairq","twitter_misc":{"Est. reading time":"1 minute"},"schema":{"@context":"https:\/\/schema.org","@graph":[{"@type":"WebPage","@id":"https:\/\/qhair.fi\/salongit\/the-q-hair-lounge\/","url":"https:\/\/qhair.fi\/salongit\/the-q-hair-lounge\/","name":"The Q Hair Lounge Runeberginkatu - Q Hair | Helsinki best hair salon","isPartOf":{"@id":"https:\/\/qhair.fi\/#website"},"datePublished":"2020-02-03T14:01:14+00:00","dateModified":"2026-02-23T14:01:55+00:00","breadcrumb":{"@id":"https:\/\/qhair.fi\/salongit\/the-q-hair-lounge\/#breadcrumb"},"inLanguage":"en-US","potentialAction":[{"@type":"ReadAction","target":["https:\/\/qhair.fi\/salongit\/the-q-hair-lounge\/"]}]},{"@type":"BreadcrumbList","@id":"https:\/\/qhair.fi\/salongit\/the-q-hair-lounge\/#breadcrumb","itemListElement":[{"@type":"ListItem","position":1,"name":"Home","item":"https:\/\/qhair.fi\/"},{"@type":"ListItem","position":2,"name":"salons","item":"https:\/\/qhair.fi\/salongit\/"},{"@type":"ListItem","position":3,"name":"The Q Hair Lounge Runeberginkatu"}]},{"@type":"WebSite","@id":"https:\/\/qhair.fi\/#website","url":"https:\/\/qhair.fi\/","name":"Q Hair","description":"Q Hair on edell\u00e4k\u00e4vij\u00e4 kampaamo Helsingin keskustassa. Saat meilt\u00e4 kaikki hiussalonkipalvelut alan uusimmilla tekniikoilla mm. hiustenleikkuut, klassiset v\u00e4rj\u00e4ykset, balayage, ombre, raidat, pidennykset, brasilialainen keratiinisuoristus ja parturi-palvelut.","publisher":{"@id":"https:\/\/qhair.fi\/#organization"},"potentialAction":[{"@type":"SearchAction","target":{"@type":"EntryPoint","urlTemplate":"https:\/\/qhair.fi\/?s={search_term_string}"},"query-input":{"@type":"PropertyValueSpecification","valueRequired":true,"valueName":"search_term_string"}}],"inLanguage":"en-US"},{"@type":"Organization","@id":"https:\/\/qhair.fi\/#organization","name":"Q Hair","url":"https:\/\/qhair.fi\/","logo":{"@type":"ImageObject","inLanguage":"en-US","@id":"https:\/\/qhair.fi\/#\/schema\/logo\/image\/","url":"https:\/\/i0.wp.com\/qhair.fi\/wp-content\/uploads\/2019\/08\/q_hair_logo_uusi.jpg?fit=344%2C467&ssl=1","contentUrl":"https:\/\/i0.wp.com\/qhair.fi\/wp-content\/uploads\/2019\/08\/q_hair_logo_uusi.jpg?fit=344%2C467&ssl=1","width":344,"height":467,"caption":"Q Hair"},"image":{"@id":"https:\/\/qhair.fi\/#\/schema\/logo\/image\/"},"sameAs":["http:\/\/facebook.com\/hairq\/","https:\/\/x.com\/qhairq","https:\/\/www.instagram.com\/qhairq\/"]}]}},"jetpack_sharing_enabled":true,"_links":{"self":[{"href":"https:\/\/qhair.fi\/en\/wp-json\/wp\/v2\/pages\/6763","targetHints":{"allow":["GET"]}}],"collection":[{"href":"https:\/\/qhair.fi\/en\/wp-json\/wp\/v2\/pages"}],"about":[{"href":"https:\/\/qhair.fi\/en\/wp-json\/wp\/v2\/types\/page"}],"author":[{"embeddable":true,"href":"https:\/\/qhair.fi\/en\/wp-json\/wp\/v2\/users\/3"}],"replies":[{"embeddable":true,"href":"https:\/\/qhair.fi\/en\/wp-json\/wp\/v2\/comments?post=6763"}],"version-history":[{"count":10,"href":"https:\/\/qhair.fi\/en\/wp-json\/wp\/v2\/pages\/6763\/revisions"}],"predecessor-version":[{"id":13595,"href":"https:\/\/qhair.fi\/en\/wp-json\/wp\/v2\/pages\/6763\/revisions\/13595"}],"up":[{"embeddable":true,"href":"https:\/\/qhair.fi\/en\/wp-json\/wp\/v2\/pages\/374"}],"wp:attachment":[{"href":"https:\/\/qhair.fi\/en\/wp-json\/wp\/v2\/media?parent=6763"}],"curies":[{"name":"wp","href":"https:\/\/api.w.org\/{rel}","templated":true}]}}