


{"id":6242,"date":"2019-08-21T06:34:23","date_gmt":"2019-08-21T06:34:23","guid":{"rendered":"https:\/\/qhair.fi\/?page_id=6242"},"modified":"2022-09-09T09:20:45","modified_gmt":"2022-09-09T06:20:45","slug":"apply-as-a-model","status":"publish","type":"page","link":"https:\/\/qhair.fi\/en\/apply-as-a-model\/","title":{"rendered":"Apply as a hair model"},"content":{"rendered":"<h2>APPLY AS A HAIR MODEL<\/h2>\n<p>The Q team does a lot of blog posts, hair fashion photoshoots and we arrange shows and educational events. If you\u2019re interested in being a hair model, we would like to hear from you.<\/p>\n<p>The hair model candidate must be over 16 years old and want a larger change than root colouring and slight trimming. All genders are welcome to apply as hair models.<\/p>\n<p>Fill out the form below and attach your photo. Tell us what you would let our stylists to do for your hair.<\/p>\n<p>We will be in touch with you as soon as the appropriate opportunity comes.<\/p>\n<p><strong>Please note! Images must be in jpg format. If you have problems sending the form, you can send the application by email to info@qhair.fi. Set the subject of the email to &#8220;Application for hair modelling&#8221;.<\/strong><\/p>\n","protected":false},"excerpt":{"rendered":"<p>APPLY AS A HAIR MODEL The Q team does a lot of blog posts, hair fashion photoshoots and we arrange shows and educational events. If you\u2019re interested in being a hair model, we would like to hear from you. The hair model candidate must be over 16 years old and want a larger change than [&hellip;]<\/p>\n","protected":false},"author":3,"featured_media":6240,"parent":0,"menu_order":0,"comment_status":"open","ping_status":"closed","template":"inc\/lahjakortti.php","meta":{"_acf_changed":false,"_improvement_type_select":"improve_an_existing","_thumb_yes_seoaic":false,"_frame_yes_seoaic":false,"seoaic_generate_description":"","seoaic_improve_instructions_prompt":"","seoaic_rollback_content_improvement":"","seoaic_idea_thumbnail_generator":"","thumbnail_generated":false,"thumbnail_generate_prompt":"","seoaic_article_description":"","footnotes":""},"class_list":["post-6242","page","type-page","status-publish","has-post-thumbnail","hentry","entry"],"acf":[],"yoast_head":"<!-- This site is optimized with the Yoast SEO Premium plugin v27.4 (Yoast SEO v27.4) - https:\/\/yoast.com\/product\/yoast-seo-premium-wordpress\/ -->\n<title>Apply as a hair model - Q Hair | Helsinki best hair salon<\/title>\n<meta name=\"robots\" content=\"index, follow, max-snippet:-1, max-image-preview:large, max-video-preview:-1\" \/>\n<link rel=\"canonical\" href=\"https:\/\/qhair.fi\/hiusmalli\/\" \/>\n<meta property=\"og:locale\" content=\"en_US\" \/>\n<meta property=\"og:type\" content=\"article\" \/>\n<meta property=\"og:title\" content=\"Apply as a hair model\" \/>\n<meta property=\"og:description\" content=\"APPLY AS A HAIR MODEL The Q team does a lot of blog posts, hair fashion photoshoots and we arrange shows and educational events. If you\u2019re interested in being a hair model, we would like to hear from you. The hair model candidate must be over 16 years old and want a larger change than [&hellip;]\" \/>\n<meta property=\"og:url\" content=\"https:\/\/qhair.fi\/hiusmalli\/\" \/>\n<meta property=\"og:site_name\" content=\"Q Hair | Helsinki best hair salon\" \/>\n<meta property=\"article:publisher\" content=\"http:\/\/facebook.com\/hairq\/\" \/>\n<meta property=\"article:modified_time\" content=\"2022-09-09T06:20:45+00:00\" \/>\n<meta property=\"og:image\" content=\"https:\/\/i0.wp.com\/qhair.fi\/wp-content\/uploads\/2019\/08\/qhair2013-1.jpg?fit=625%2C937&ssl=1\" \/>\n\t<meta property=\"og:image:width\" content=\"625\" \/>\n\t<meta property=\"og:image:height\" content=\"937\" \/>\n\t<meta property=\"og:image:type\" content=\"image\/jpeg\" \/>\n<meta name=\"twitter:card\" content=\"summary_large_image\" \/>\n<meta name=\"twitter:site\" content=\"@qhairq\" \/>\n<meta name=\"twitter:label1\" content=\"Est. reading time\" \/>\n\t<meta name=\"twitter:data1\" content=\"1 minute\" \/>\n<script type=\"application\/ld+json\" class=\"yoast-schema-graph\">{\"@context\":\"https:\\\/\\\/schema.org\",\"@graph\":[{\"@type\":\"WebPage\",\"@id\":\"https:\\\/\\\/qhair.fi\\\/hiusmalli\\\/\",\"url\":\"https:\\\/\\\/qhair.fi\\\/hiusmalli\\\/\",\"name\":\"Apply as a hair model - Q Hair | Helsinki best hair salon\",\"isPartOf\":{\"@id\":\"https:\\\/\\\/qhair.fi\\\/#website\"},\"primaryImageOfPage\":{\"@id\":\"https:\\\/\\\/qhair.fi\\\/hiusmalli\\\/#primaryimage\"},\"image\":{\"@id\":\"https:\\\/\\\/qhair.fi\\\/hiusmalli\\\/#primaryimage\"},\"thumbnailUrl\":\"https:\\\/\\\/i0.wp.com\\\/qhair.fi\\\/wp-content\\\/uploads\\\/2019\\\/08\\\/qhair2013-1.jpg?fit=625%2C937&ssl=1\",\"datePublished\":\"2019-08-21T06:34:23+00:00\",\"dateModified\":\"2022-09-09T06:20:45+00:00\",\"breadcrumb\":{\"@id\":\"https:\\\/\\\/qhair.fi\\\/hiusmalli\\\/#breadcrumb\"},\"inLanguage\":\"en-US\",\"potentialAction\":[{\"@type\":\"ReadAction\",\"target\":[\"https:\\\/\\\/qhair.fi\\\/hiusmalli\\\/\"]}]},{\"@type\":\"ImageObject\",\"inLanguage\":\"en-US\",\"@id\":\"https:\\\/\\\/qhair.fi\\\/hiusmalli\\\/#primaryimage\",\"url\":\"https:\\\/\\\/i0.wp.com\\\/qhair.fi\\\/wp-content\\\/uploads\\\/2019\\\/08\\\/qhair2013-1.jpg?fit=625%2C937&ssl=1\",\"contentUrl\":\"https:\\\/\\\/i0.wp.com\\\/qhair.fi\\\/wp-content\\\/uploads\\\/2019\\\/08\\\/qhair2013-1.jpg?fit=625%2C937&ssl=1\",\"width\":625,\"height\":937},{\"@type\":\"BreadcrumbList\",\"@id\":\"https:\\\/\\\/qhair.fi\\\/hiusmalli\\\/#breadcrumb\",\"itemListElement\":[{\"@type\":\"ListItem\",\"position\":1,\"name\":\"Home\",\"item\":\"https:\\\/\\\/qhair.fi\\\/\"},{\"@type\":\"ListItem\",\"position\":2,\"name\":\"Apply as a hair model\"}]},{\"@type\":\"WebSite\",\"@id\":\"https:\\\/\\\/qhair.fi\\\/#website\",\"url\":\"https:\\\/\\\/qhair.fi\\\/\",\"name\":\"Q Hair\",\"description\":\"Q Hair on edell\u00e4k\u00e4vij\u00e4 kampaamo Helsingin keskustassa. Saat meilt\u00e4 kaikki hiussalonkipalvelut alan uusimmilla tekniikoilla mm. hiustenleikkuut, klassiset v\u00e4rj\u00e4ykset, balayage, ombre, raidat, pidennykset, brasilialainen keratiinisuoristus ja parturi-palvelut.\",\"publisher\":{\"@id\":\"https:\\\/\\\/qhair.fi\\\/#organization\"},\"potentialAction\":[{\"@type\":\"SearchAction\",\"target\":{\"@type\":\"EntryPoint\",\"urlTemplate\":\"https:\\\/\\\/qhair.fi\\\/?s={search_term_string}\"},\"query-input\":{\"@type\":\"PropertyValueSpecification\",\"valueRequired\":true,\"valueName\":\"search_term_string\"}}],\"inLanguage\":\"en-US\"},{\"@type\":\"Organization\",\"@id\":\"https:\\\/\\\/qhair.fi\\\/#organization\",\"name\":\"Q Hair\",\"url\":\"https:\\\/\\\/qhair.fi\\\/\",\"logo\":{\"@type\":\"ImageObject\",\"inLanguage\":\"en-US\",\"@id\":\"https:\\\/\\\/qhair.fi\\\/#\\\/schema\\\/logo\\\/image\\\/\",\"url\":\"https:\\\/\\\/i0.wp.com\\\/qhair.fi\\\/wp-content\\\/uploads\\\/2019\\\/08\\\/q_hair_logo_uusi.jpg?fit=344%2C467&ssl=1\",\"contentUrl\":\"https:\\\/\\\/i0.wp.com\\\/qhair.fi\\\/wp-content\\\/uploads\\\/2019\\\/08\\\/q_hair_logo_uusi.jpg?fit=344%2C467&ssl=1\",\"width\":344,\"height\":467,\"caption\":\"Q Hair\"},\"image\":{\"@id\":\"https:\\\/\\\/qhair.fi\\\/#\\\/schema\\\/logo\\\/image\\\/\"},\"sameAs\":[\"http:\\\/\\\/facebook.com\\\/hairq\\\/\",\"https:\\\/\\\/x.com\\\/qhairq\",\"https:\\\/\\\/www.instagram.com\\\/qhairq\\\/\"]}]}<\/script>\n<!-- \/ Yoast SEO Premium plugin. -->","yoast_head_json":{"title":"Apply as a hair model - Q Hair | Helsinki best hair salon","robots":{"index":"index","follow":"follow","max-snippet":"max-snippet:-1","max-image-preview":"max-image-preview:large","max-video-preview":"max-video-preview:-1"},"canonical":"https:\/\/qhair.fi\/hiusmalli\/","og_locale":"en_US","og_type":"article","og_title":"Apply as a hair model","og_description":"APPLY AS A HAIR MODEL The Q team does a lot of blog posts, hair fashion photoshoots and we arrange shows and educational events. If you\u2019re interested in being a hair model, we would like to hear from you. The hair model candidate must be over 16 years old and want a larger change than [&hellip;]","og_url":"https:\/\/qhair.fi\/hiusmalli\/","og_site_name":"Q Hair | Helsinki best hair salon","article_publisher":"http:\/\/facebook.com\/hairq\/","article_modified_time":"2022-09-09T06:20:45+00:00","og_image":[{"width":625,"height":937,"url":"https:\/\/i0.wp.com\/qhair.fi\/wp-content\/uploads\/2019\/08\/qhair2013-1.jpg?fit=625%2C937&ssl=1","type":"image\/jpeg"}],"twitter_card":"summary_large_image","twitter_site":"@qhairq","twitter_misc":{"Est. reading time":"1 minute"},"schema":{"@context":"https:\/\/schema.org","@graph":[{"@type":"WebPage","@id":"https:\/\/qhair.fi\/hiusmalli\/","url":"https:\/\/qhair.fi\/hiusmalli\/","name":"Apply as a hair model - Q Hair | Helsinki best hair salon","isPartOf":{"@id":"https:\/\/qhair.fi\/#website"},"primaryImageOfPage":{"@id":"https:\/\/qhair.fi\/hiusmalli\/#primaryimage"},"image":{"@id":"https:\/\/qhair.fi\/hiusmalli\/#primaryimage"},"thumbnailUrl":"https:\/\/i0.wp.com\/qhair.fi\/wp-content\/uploads\/2019\/08\/qhair2013-1.jpg?fit=625%2C937&ssl=1","datePublished":"2019-08-21T06:34:23+00:00","dateModified":"2022-09-09T06:20:45+00:00","breadcrumb":{"@id":"https:\/\/qhair.fi\/hiusmalli\/#breadcrumb"},"inLanguage":"en-US","potentialAction":[{"@type":"ReadAction","target":["https:\/\/qhair.fi\/hiusmalli\/"]}]},{"@type":"ImageObject","inLanguage":"en-US","@id":"https:\/\/qhair.fi\/hiusmalli\/#primaryimage","url":"https:\/\/i0.wp.com\/qhair.fi\/wp-content\/uploads\/2019\/08\/qhair2013-1.jpg?fit=625%2C937&ssl=1","contentUrl":"https:\/\/i0.wp.com\/qhair.fi\/wp-content\/uploads\/2019\/08\/qhair2013-1.jpg?fit=625%2C937&ssl=1","width":625,"height":937},{"@type":"BreadcrumbList","@id":"https:\/\/qhair.fi\/hiusmalli\/#breadcrumb","itemListElement":[{"@type":"ListItem","position":1,"name":"Home","item":"https:\/\/qhair.fi\/"},{"@type":"ListItem","position":2,"name":"Apply as a hair model"}]},{"@type":"WebSite","@id":"https:\/\/qhair.fi\/#website","url":"https:\/\/qhair.fi\/","name":"Q Hair","description":"Q Hair on edell\u00e4k\u00e4vij\u00e4 kampaamo Helsingin keskustassa. Saat meilt\u00e4 kaikki hiussalonkipalvelut alan uusimmilla tekniikoilla mm. hiustenleikkuut, klassiset v\u00e4rj\u00e4ykset, balayage, ombre, raidat, pidennykset, brasilialainen keratiinisuoristus ja parturi-palvelut.","publisher":{"@id":"https:\/\/qhair.fi\/#organization"},"potentialAction":[{"@type":"SearchAction","target":{"@type":"EntryPoint","urlTemplate":"https:\/\/qhair.fi\/?s={search_term_string}"},"query-input":{"@type":"PropertyValueSpecification","valueRequired":true,"valueName":"search_term_string"}}],"inLanguage":"en-US"},{"@type":"Organization","@id":"https:\/\/qhair.fi\/#organization","name":"Q Hair","url":"https:\/\/qhair.fi\/","logo":{"@type":"ImageObject","inLanguage":"en-US","@id":"https:\/\/qhair.fi\/#\/schema\/logo\/image\/","url":"https:\/\/i0.wp.com\/qhair.fi\/wp-content\/uploads\/2019\/08\/q_hair_logo_uusi.jpg?fit=344%2C467&ssl=1","contentUrl":"https:\/\/i0.wp.com\/qhair.fi\/wp-content\/uploads\/2019\/08\/q_hair_logo_uusi.jpg?fit=344%2C467&ssl=1","width":344,"height":467,"caption":"Q Hair"},"image":{"@id":"https:\/\/qhair.fi\/#\/schema\/logo\/image\/"},"sameAs":["http:\/\/facebook.com\/hairq\/","https:\/\/x.com\/qhairq","https:\/\/www.instagram.com\/qhairq\/"]}]}},"jetpack_sharing_enabled":true,"_links":{"self":[{"href":"https:\/\/qhair.fi\/en\/wp-json\/wp\/v2\/pages\/6242","targetHints":{"allow":["GET"]}}],"collection":[{"href":"https:\/\/qhair.fi\/en\/wp-json\/wp\/v2\/pages"}],"about":[{"href":"https:\/\/qhair.fi\/en\/wp-json\/wp\/v2\/types\/page"}],"author":[{"embeddable":true,"href":"https:\/\/qhair.fi\/en\/wp-json\/wp\/v2\/users\/3"}],"replies":[{"embeddable":true,"href":"https:\/\/qhair.fi\/en\/wp-json\/wp\/v2\/comments?post=6242"}],"version-history":[{"count":5,"href":"https:\/\/qhair.fi\/en\/wp-json\/wp\/v2\/pages\/6242\/revisions"}],"predecessor-version":[{"id":10641,"href":"https:\/\/qhair.fi\/en\/wp-json\/wp\/v2\/pages\/6242\/revisions\/10641"}],"wp:featuredmedia":[{"embeddable":true,"href":"https:\/\/qhair.fi\/en\/wp-json\/wp\/v2\/media\/6240"}],"wp:attachment":[{"href":"https:\/\/qhair.fi\/en\/wp-json\/wp\/v2\/media?parent=6242"}],"curies":[{"name":"wp","href":"https:\/\/api.w.org\/{rel}","templated":true}]}}