


{"id":6232,"date":"2019-08-21T06:07:53","date_gmt":"2019-08-21T06:07:53","guid":{"rendered":"https:\/\/qhair.fi\/?page_id=6232"},"modified":"2019-08-28T15:55:33","modified_gmt":"2019-08-28T12:55:33","slug":"join-our-team","status":"publish","type":"page","link":"https:\/\/qhair.fi\/en\/join-our-team\/","title":{"rendered":"Join our team"},"content":{"rendered":"<h2 class=\"entry-title\">JOIN OUR TEAM<\/h2>\n<p>Jaatko palon\u00a0kanssamme ty\u00f6skentelyst\u00e4 asiakaspalvelussa hiusten parissa?\u00a0Haluamme tavata\u00a0uusia ihmisi\u00e4, uransa eri vaiheissa olevia henkil\u00f6it\u00e4 jotka suhtautuvat hiuksiin ja asiakaspalveluun samalla intohimolla kuin me ja kutsua heid\u00e4t liittym\u00e4\u00e4n Q Hairin tiimiin.<\/p>\n<p>Toimintaperiaatteenamme on palvella asiakkaitamme parhaalla mahdollisella tavalla, tarjota asiakkaillemme ja tiimillemme uusimmat alan innovaatiot ja tekniikat sek\u00e4 huolehtia tiimimme osaamisesta, kehittymisest\u00e4 ja hyvinvoinnista. Tarjoamme r\u00e4\u00e4t\u00e4l\u00f6ity\u00e4\u00a0laaja-alaista koulutusta ja valmennusta omassa koulutuskeskuksessamme. Salongeissamme vallitsee avoimen tiedon jakamisen ilmapiiri, joten jokainen p\u00e4\u00e4see nauttimaan p\u00e4ivitt\u00e4isen ty\u00f6skentelyn lomassa oppimisesta sek\u00e4 tiedon jakamisesta.<\/p>\n<p>Tiimimme halu kehitty\u00e4 on suuri. Jos sinulla on halu ja intohimo kehitty\u00e4 hiusmuotoilijana, laajentaa osaamistasi, tulla viel\u00e4kin taitavammaksi sinun kannattaa ottaa meihin yhteytt\u00e4. Olet tervetullut kertomaan meille taidoistasi ja itsest\u00e4si ja me taas kerromme sinulle meid\u00e4n toimintaperiaatteista, tavasta ty\u00f6skennell\u00e4 tiimin\u00e4 sek\u00e4 yksil\u00f6n\u00e4 tiimiss\u00e4.<\/p>\n<p>Meille on eritt\u00e4in t\u00e4rke\u00e4\u00e4, ett\u00e4 tiimity\u00f6skentelij\u00e4mme voi hyvin ja t\u00e4st\u00e4 syyst\u00e4 pid\u00e4mme omalta osaltamme huolen tiimil\u00e4istemme hyv\u00e4st\u00e4 yhteishengest\u00e4. Haluamme tukea jokaista rohkeaa ja osaavaa hiusmuotoilijaa mm. moniulotteisilla ulkoisilla ja sis\u00e4isill\u00e4 koulutuksilla, erilaisilla valmennuksilla, mielekk\u00e4ill\u00e4 arjesta poikkeavilla projekteilla sek\u00e4 selke\u00e4ll\u00e4 ja kannustavalla urasuunnittelmalla.<\/p>\n<p>Olemmekin porrastaneet tiimil\u00e4istemme ammattitaidon; New Talent, Stylisti, Senior Stylisti, Style Director sek\u00e4 liikett\u00e4 ja tiimi\u00e4 luotsaava Salon Manager kannustavat kehittym\u00e4\u00e4n\u00a0 ammattilaisena korkealle. T\u00e4st\u00e4 asiakkaamme ovat my\u00f6s olleet hyvin mieliss\u00e4\u00e4n. Jokainen meist\u00e4 voi kehitty\u00e4 ja tulla paremmaksi hiusmuotoilijaksi. T\u00e4m\u00e4 takaa sinulle my\u00f6s toimeentulosi tulevaisuudessa. Jos tuntuu ett\u00e4 olet kiinnostunut ty\u00f6skentelem\u00e4\u00e4n tiimiss\u00e4mme niin ota ihmeess\u00e4 yhteytt\u00e4 meihin.<\/p>\n<p>Lis\u00e4tietoja antaa Sami Ateek, puh 0405600619 tai\u00a0<a href=\"mailto:sami@Qhair.fi\">sami@Qhair.fi<\/a><\/p>\n","protected":false},"excerpt":{"rendered":"<p>JOIN OUR TEAM Jaatko palon\u00a0kanssamme ty\u00f6skentelyst\u00e4 asiakaspalvelussa hiusten parissa?\u00a0Haluamme tavata\u00a0uusia ihmisi\u00e4, uransa eri vaiheissa olevia henkil\u00f6it\u00e4 jotka suhtautuvat hiuksiin ja asiakaspalveluun samalla intohimolla kuin me ja kutsua heid\u00e4t liittym\u00e4\u00e4n Q Hairin tiimiin. Toimintaperiaatteenamme on palvella asiakkaitamme parhaalla mahdollisella tavalla, tarjota asiakkaillemme ja tiimillemme uusimmat alan innovaatiot ja tekniikat sek\u00e4 huolehtia tiimimme osaamisesta, kehittymisest\u00e4 ja hyvinvoinnista. [&hellip;]<\/p>\n","protected":false},"author":3,"featured_media":6024,"parent":0,"menu_order":0,"comment_status":"open","ping_status":"closed","template":"inc\/lahjakortti.php","meta":{"_acf_changed":false,"_improvement_type_select":"improve_an_existing","_thumb_yes_seoaic":false,"_frame_yes_seoaic":false,"seoaic_generate_description":"","seoaic_improve_instructions_prompt":"","seoaic_rollback_content_improvement":"","seoaic_idea_thumbnail_generator":"","thumbnail_generated":false,"thumbnail_generate_prompt":"","seoaic_article_description":"","footnotes":""},"class_list":["post-6232","page","type-page","status-publish","has-post-thumbnail","hentry","entry"],"acf":[],"yoast_head":"<!-- This site is optimized with the Yoast SEO Premium plugin v27.2 (Yoast SEO v27.4) - https:\/\/yoast.com\/product\/yoast-seo-premium-wordpress\/ -->\n<title>Join our team - Q Hair | Helsinki best hair salon<\/title>\n<meta name=\"robots\" content=\"index, follow, max-snippet:-1, max-image-preview:large, max-video-preview:-1\" \/>\n<link rel=\"canonical\" href=\"https:\/\/qhair.fi\/toita-kampaajalle\/\" \/>\n<meta property=\"og:locale\" content=\"en_US\" \/>\n<meta property=\"og:type\" content=\"article\" \/>\n<meta property=\"og:title\" content=\"Join our team\" \/>\n<meta property=\"og:description\" content=\"JOIN OUR TEAM Jaatko palon\u00a0kanssamme ty\u00f6skentelyst\u00e4 asiakaspalvelussa hiusten parissa?\u00a0Haluamme tavata\u00a0uusia ihmisi\u00e4, uransa eri vaiheissa olevia henkil\u00f6it\u00e4 jotka suhtautuvat hiuksiin ja asiakaspalveluun samalla intohimolla kuin me ja kutsua heid\u00e4t liittym\u00e4\u00e4n Q Hairin tiimiin. Toimintaperiaatteenamme on palvella asiakkaitamme parhaalla mahdollisella tavalla, tarjota asiakkaillemme ja tiimillemme uusimmat alan innovaatiot ja tekniikat sek\u00e4 huolehtia tiimimme osaamisesta, kehittymisest\u00e4 ja hyvinvoinnista. [&hellip;]\" \/>\n<meta property=\"og:url\" content=\"https:\/\/qhair.fi\/toita-kampaajalle\/\" \/>\n<meta property=\"og:site_name\" content=\"Q Hair | Helsinki best hair salon\" \/>\n<meta property=\"article:publisher\" content=\"http:\/\/facebook.com\/hairq\/\" \/>\n<meta property=\"article:modified_time\" content=\"2019-08-28T12:55:33+00:00\" \/>\n<meta property=\"og:image\" content=\"https:\/\/i0.wp.com\/qhair.fi\/wp-content\/uploads\/2019\/07\/qhair-kampaamo-helsinki-qacademy-2.jpg?fit=920%2C514&ssl=1\" \/>\n\t<meta property=\"og:image:width\" content=\"920\" \/>\n\t<meta property=\"og:image:height\" content=\"514\" \/>\n\t<meta property=\"og:image:type\" content=\"image\/jpeg\" \/>\n<meta name=\"twitter:card\" content=\"summary_large_image\" \/>\n<meta name=\"twitter:site\" content=\"@qhairq\" \/>\n<meta name=\"twitter:label1\" content=\"Est. reading time\" \/>\n\t<meta name=\"twitter:data1\" content=\"1 minute\" \/>\n<script type=\"application\/ld+json\" class=\"yoast-schema-graph\">{\"@context\":\"https:\\\/\\\/schema.org\",\"@graph\":[{\"@type\":\"WebPage\",\"@id\":\"https:\\\/\\\/qhair.fi\\\/toita-kampaajalle\\\/\",\"url\":\"https:\\\/\\\/qhair.fi\\\/toita-kampaajalle\\\/\",\"name\":\"Join our team - Q Hair | Helsinki best hair salon\",\"isPartOf\":{\"@id\":\"https:\\\/\\\/qhair.fi\\\/#website\"},\"primaryImageOfPage\":{\"@id\":\"https:\\\/\\\/qhair.fi\\\/toita-kampaajalle\\\/#primaryimage\"},\"image\":{\"@id\":\"https:\\\/\\\/qhair.fi\\\/toita-kampaajalle\\\/#primaryimage\"},\"thumbnailUrl\":\"https:\\\/\\\/i0.wp.com\\\/qhair.fi\\\/wp-content\\\/uploads\\\/2019\\\/07\\\/qhair-kampaamo-helsinki-qacademy-2.jpg?fit=920%2C514&ssl=1\",\"datePublished\":\"2019-08-21T06:07:53+00:00\",\"dateModified\":\"2019-08-28T12:55:33+00:00\",\"breadcrumb\":{\"@id\":\"https:\\\/\\\/qhair.fi\\\/toita-kampaajalle\\\/#breadcrumb\"},\"inLanguage\":\"en-US\",\"potentialAction\":[{\"@type\":\"ReadAction\",\"target\":[\"https:\\\/\\\/qhair.fi\\\/toita-kampaajalle\\\/\"]}]},{\"@type\":\"ImageObject\",\"inLanguage\":\"en-US\",\"@id\":\"https:\\\/\\\/qhair.fi\\\/toita-kampaajalle\\\/#primaryimage\",\"url\":\"https:\\\/\\\/i0.wp.com\\\/qhair.fi\\\/wp-content\\\/uploads\\\/2019\\\/07\\\/qhair-kampaamo-helsinki-qacademy-2.jpg?fit=920%2C514&ssl=1\",\"contentUrl\":\"https:\\\/\\\/i0.wp.com\\\/qhair.fi\\\/wp-content\\\/uploads\\\/2019\\\/07\\\/qhair-kampaamo-helsinki-qacademy-2.jpg?fit=920%2C514&ssl=1\",\"width\":920,\"height\":514},{\"@type\":\"BreadcrumbList\",\"@id\":\"https:\\\/\\\/qhair.fi\\\/toita-kampaajalle\\\/#breadcrumb\",\"itemListElement\":[{\"@type\":\"ListItem\",\"position\":1,\"name\":\"Home\",\"item\":\"https:\\\/\\\/qhair.fi\\\/\"},{\"@type\":\"ListItem\",\"position\":2,\"name\":\"Join our team\"}]},{\"@type\":\"WebSite\",\"@id\":\"https:\\\/\\\/qhair.fi\\\/#website\",\"url\":\"https:\\\/\\\/qhair.fi\\\/\",\"name\":\"Q Hair\",\"description\":\"Q Hair on edell\u00e4k\u00e4vij\u00e4 kampaamo Helsingin keskustassa. Saat meilt\u00e4 kaikki hiussalonkipalvelut alan uusimmilla tekniikoilla mm. hiustenleikkuut, klassiset v\u00e4rj\u00e4ykset, balayage, ombre, raidat, pidennykset, brasilialainen keratiinisuoristus ja parturi-palvelut.\",\"publisher\":{\"@id\":\"https:\\\/\\\/qhair.fi\\\/#organization\"},\"potentialAction\":[{\"@type\":\"SearchAction\",\"target\":{\"@type\":\"EntryPoint\",\"urlTemplate\":\"https:\\\/\\\/qhair.fi\\\/?s={search_term_string}\"},\"query-input\":{\"@type\":\"PropertyValueSpecification\",\"valueRequired\":true,\"valueName\":\"search_term_string\"}}],\"inLanguage\":\"en-US\"},{\"@type\":\"Organization\",\"@id\":\"https:\\\/\\\/qhair.fi\\\/#organization\",\"name\":\"Q Hair\",\"url\":\"https:\\\/\\\/qhair.fi\\\/\",\"logo\":{\"@type\":\"ImageObject\",\"inLanguage\":\"en-US\",\"@id\":\"https:\\\/\\\/qhair.fi\\\/#\\\/schema\\\/logo\\\/image\\\/\",\"url\":\"https:\\\/\\\/i0.wp.com\\\/qhair.fi\\\/wp-content\\\/uploads\\\/2019\\\/08\\\/q_hair_logo_uusi.jpg?fit=344%2C467&ssl=1\",\"contentUrl\":\"https:\\\/\\\/i0.wp.com\\\/qhair.fi\\\/wp-content\\\/uploads\\\/2019\\\/08\\\/q_hair_logo_uusi.jpg?fit=344%2C467&ssl=1\",\"width\":344,\"height\":467,\"caption\":\"Q Hair\"},\"image\":{\"@id\":\"https:\\\/\\\/qhair.fi\\\/#\\\/schema\\\/logo\\\/image\\\/\"},\"sameAs\":[\"http:\\\/\\\/facebook.com\\\/hairq\\\/\",\"https:\\\/\\\/x.com\\\/qhairq\",\"https:\\\/\\\/www.instagram.com\\\/qhairq\\\/\"]}]}<\/script>\n<!-- \/ Yoast SEO Premium plugin. -->","yoast_head_json":{"title":"Join our team - Q Hair | Helsinki best hair salon","robots":{"index":"index","follow":"follow","max-snippet":"max-snippet:-1","max-image-preview":"max-image-preview:large","max-video-preview":"max-video-preview:-1"},"canonical":"https:\/\/qhair.fi\/toita-kampaajalle\/","og_locale":"en_US","og_type":"article","og_title":"Join our team","og_description":"JOIN OUR TEAM Jaatko palon\u00a0kanssamme ty\u00f6skentelyst\u00e4 asiakaspalvelussa hiusten parissa?\u00a0Haluamme tavata\u00a0uusia ihmisi\u00e4, uransa eri vaiheissa olevia henkil\u00f6it\u00e4 jotka suhtautuvat hiuksiin ja asiakaspalveluun samalla intohimolla kuin me ja kutsua heid\u00e4t liittym\u00e4\u00e4n Q Hairin tiimiin. Toimintaperiaatteenamme on palvella asiakkaitamme parhaalla mahdollisella tavalla, tarjota asiakkaillemme ja tiimillemme uusimmat alan innovaatiot ja tekniikat sek\u00e4 huolehtia tiimimme osaamisesta, kehittymisest\u00e4 ja hyvinvoinnista. [&hellip;]","og_url":"https:\/\/qhair.fi\/toita-kampaajalle\/","og_site_name":"Q Hair | Helsinki best hair salon","article_publisher":"http:\/\/facebook.com\/hairq\/","article_modified_time":"2019-08-28T12:55:33+00:00","og_image":[{"width":920,"height":514,"url":"https:\/\/i0.wp.com\/qhair.fi\/wp-content\/uploads\/2019\/07\/qhair-kampaamo-helsinki-qacademy-2.jpg?fit=920%2C514&ssl=1","type":"image\/jpeg"}],"twitter_card":"summary_large_image","twitter_site":"@qhairq","twitter_misc":{"Est. reading time":"1 minute"},"schema":{"@context":"https:\/\/schema.org","@graph":[{"@type":"WebPage","@id":"https:\/\/qhair.fi\/toita-kampaajalle\/","url":"https:\/\/qhair.fi\/toita-kampaajalle\/","name":"Join our team - Q Hair | Helsinki best hair salon","isPartOf":{"@id":"https:\/\/qhair.fi\/#website"},"primaryImageOfPage":{"@id":"https:\/\/qhair.fi\/toita-kampaajalle\/#primaryimage"},"image":{"@id":"https:\/\/qhair.fi\/toita-kampaajalle\/#primaryimage"},"thumbnailUrl":"https:\/\/i0.wp.com\/qhair.fi\/wp-content\/uploads\/2019\/07\/qhair-kampaamo-helsinki-qacademy-2.jpg?fit=920%2C514&ssl=1","datePublished":"2019-08-21T06:07:53+00:00","dateModified":"2019-08-28T12:55:33+00:00","breadcrumb":{"@id":"https:\/\/qhair.fi\/toita-kampaajalle\/#breadcrumb"},"inLanguage":"en-US","potentialAction":[{"@type":"ReadAction","target":["https:\/\/qhair.fi\/toita-kampaajalle\/"]}]},{"@type":"ImageObject","inLanguage":"en-US","@id":"https:\/\/qhair.fi\/toita-kampaajalle\/#primaryimage","url":"https:\/\/i0.wp.com\/qhair.fi\/wp-content\/uploads\/2019\/07\/qhair-kampaamo-helsinki-qacademy-2.jpg?fit=920%2C514&ssl=1","contentUrl":"https:\/\/i0.wp.com\/qhair.fi\/wp-content\/uploads\/2019\/07\/qhair-kampaamo-helsinki-qacademy-2.jpg?fit=920%2C514&ssl=1","width":920,"height":514},{"@type":"BreadcrumbList","@id":"https:\/\/qhair.fi\/toita-kampaajalle\/#breadcrumb","itemListElement":[{"@type":"ListItem","position":1,"name":"Home","item":"https:\/\/qhair.fi\/"},{"@type":"ListItem","position":2,"name":"Join our team"}]},{"@type":"WebSite","@id":"https:\/\/qhair.fi\/#website","url":"https:\/\/qhair.fi\/","name":"Q Hair","description":"Q Hair on edell\u00e4k\u00e4vij\u00e4 kampaamo Helsingin keskustassa. Saat meilt\u00e4 kaikki hiussalonkipalvelut alan uusimmilla tekniikoilla mm. hiustenleikkuut, klassiset v\u00e4rj\u00e4ykset, balayage, ombre, raidat, pidennykset, brasilialainen keratiinisuoristus ja parturi-palvelut.","publisher":{"@id":"https:\/\/qhair.fi\/#organization"},"potentialAction":[{"@type":"SearchAction","target":{"@type":"EntryPoint","urlTemplate":"https:\/\/qhair.fi\/?s={search_term_string}"},"query-input":{"@type":"PropertyValueSpecification","valueRequired":true,"valueName":"search_term_string"}}],"inLanguage":"en-US"},{"@type":"Organization","@id":"https:\/\/qhair.fi\/#organization","name":"Q Hair","url":"https:\/\/qhair.fi\/","logo":{"@type":"ImageObject","inLanguage":"en-US","@id":"https:\/\/qhair.fi\/#\/schema\/logo\/image\/","url":"https:\/\/i0.wp.com\/qhair.fi\/wp-content\/uploads\/2019\/08\/q_hair_logo_uusi.jpg?fit=344%2C467&ssl=1","contentUrl":"https:\/\/i0.wp.com\/qhair.fi\/wp-content\/uploads\/2019\/08\/q_hair_logo_uusi.jpg?fit=344%2C467&ssl=1","width":344,"height":467,"caption":"Q Hair"},"image":{"@id":"https:\/\/qhair.fi\/#\/schema\/logo\/image\/"},"sameAs":["http:\/\/facebook.com\/hairq\/","https:\/\/x.com\/qhairq","https:\/\/www.instagram.com\/qhairq\/"]}]}},"jetpack_sharing_enabled":true,"_links":{"self":[{"href":"https:\/\/qhair.fi\/en\/wp-json\/wp\/v2\/pages\/6232","targetHints":{"allow":["GET"]}}],"collection":[{"href":"https:\/\/qhair.fi\/en\/wp-json\/wp\/v2\/pages"}],"about":[{"href":"https:\/\/qhair.fi\/en\/wp-json\/wp\/v2\/types\/page"}],"author":[{"embeddable":true,"href":"https:\/\/qhair.fi\/en\/wp-json\/wp\/v2\/users\/3"}],"replies":[{"embeddable":true,"href":"https:\/\/qhair.fi\/en\/wp-json\/wp\/v2\/comments?post=6232"}],"version-history":[{"count":3,"href":"https:\/\/qhair.fi\/en\/wp-json\/wp\/v2\/pages\/6232\/revisions"}],"predecessor-version":[{"id":6301,"href":"https:\/\/qhair.fi\/en\/wp-json\/wp\/v2\/pages\/6232\/revisions\/6301"}],"wp:featuredmedia":[{"embeddable":true,"href":"https:\/\/qhair.fi\/en\/wp-json\/wp\/v2\/media\/6024"}],"wp:attachment":[{"href":"https:\/\/qhair.fi\/en\/wp-json\/wp\/v2\/media?parent=6232"}],"curies":[{"name":"wp","href":"https:\/\/api.w.org\/{rel}","templated":true}]}}