


{"id":367,"date":"2019-02-15T06:41:05","date_gmt":"2019-02-15T06:41:05","guid":{"rendered":"https:\/\/qhair.fi\/?page_id=367"},"modified":"2019-07-26T08:05:44","modified_gmt":"2019-07-26T08:05:44","slug":"services-for-companies-and-groups","status":"publish","type":"page","link":"https:\/\/qhair.fi\/en\/services\/services-for-companies-and-groups\/","title":{"rendered":"SERVICES FOR COMPANIES AND GROUPS"},"content":{"rendered":"<h2>Services for companies and groups<\/h2>\n<p>Are you planning an event for a big group or a delightful day for your co-workers? Q Hair can accommodate a bigger group at once. We arrange and plan a day full of pampering with a great deal of professional expertise.<\/p>\n<p>Options include makeovers, party updos, personalized makeup guidance, company staff photoshoot and scalp treatments.<\/p>\n<p>Please contact us via email and ask for an offer info@qhair.fi<\/p>\n","protected":false},"excerpt":{"rendered":"<p>Services for companies and groups Are you planning an event for a big group or a delightful day for your co-workers? Q Hair can accommodate a bigger group at once. We arrange and plan a day full of pampering with a great deal of professional expertise. Options include makeovers, party updos, personalized makeup guidance, company [&hellip;]<\/p>\n","protected":false},"author":3,"featured_media":757,"parent":326,"menu_order":16,"comment_status":"open","ping_status":"closed","template":"inc\/childpage.php","meta":{"_acf_changed":false,"_improvement_type_select":"improve_an_existing","_thumb_yes_seoaic":false,"_frame_yes_seoaic":false,"seoaic_generate_description":"","seoaic_improve_instructions_prompt":"","seoaic_rollback_content_improvement":"","seoaic_idea_thumbnail_generator":"","thumbnail_generated":false,"thumbnail_generate_prompt":"","seoaic_article_description":"","footnotes":""},"class_list":["post-367","page","type-page","status-publish","has-post-thumbnail","hentry","entry"],"acf":[],"yoast_head":"<!-- This site is optimized with the Yoast SEO Premium plugin v27.2 (Yoast SEO v27.4) - https:\/\/yoast.com\/product\/yoast-seo-premium-wordpress\/ -->\n<title>SERVICES FOR COMPANIES AND GROUPS - Q Hair | Helsinki best hair salon<\/title>\n<meta name=\"robots\" content=\"index, follow, max-snippet:-1, max-image-preview:large, max-video-preview:-1\" \/>\n<link rel=\"canonical\" href=\"https:\/\/qhair.fi\/palvelut\/palvelut-yrityksille-ja-ryhmille\/\" \/>\n<meta property=\"og:locale\" content=\"en_US\" \/>\n<meta property=\"og:type\" content=\"article\" \/>\n<meta property=\"og:title\" content=\"SERVICES FOR COMPANIES AND GROUPS\" \/>\n<meta property=\"og:description\" content=\"Services for companies and groups Are you planning an event for a big group or a delightful day for your co-workers? Q Hair can accommodate a bigger group at once. We arrange and plan a day full of pampering with a great deal of professional expertise. Options include makeovers, party updos, personalized makeup guidance, company [&hellip;]\" \/>\n<meta property=\"og:url\" content=\"https:\/\/qhair.fi\/palvelut\/palvelut-yrityksille-ja-ryhmille\/\" \/>\n<meta property=\"og:site_name\" content=\"Q Hair | Helsinki best hair salon\" \/>\n<meta property=\"article:publisher\" content=\"http:\/\/facebook.com\/hairq\/\" \/>\n<meta property=\"article:modified_time\" content=\"2019-07-26T08:05:44+00:00\" \/>\n<meta property=\"og:image\" content=\"https:\/\/i0.wp.com\/qhair.fi\/wp-content\/uploads\/2019\/03\/16.PAKETIT.jpg?fit=1472%2C871&ssl=1\" \/>\n\t<meta property=\"og:image:width\" content=\"1472\" \/>\n\t<meta property=\"og:image:height\" content=\"871\" \/>\n\t<meta property=\"og:image:type\" content=\"image\/jpeg\" \/>\n<meta name=\"twitter:card\" content=\"summary_large_image\" \/>\n<meta name=\"twitter:site\" content=\"@qhairq\" \/>\n<script type=\"application\/ld+json\" class=\"yoast-schema-graph\">{\"@context\":\"https:\\\/\\\/schema.org\",\"@graph\":[{\"@type\":\"WebPage\",\"@id\":\"https:\\\/\\\/qhair.fi\\\/palvelut\\\/palvelut-yrityksille-ja-ryhmille\\\/\",\"url\":\"https:\\\/\\\/qhair.fi\\\/palvelut\\\/palvelut-yrityksille-ja-ryhmille\\\/\",\"name\":\"SERVICES FOR COMPANIES AND GROUPS - Q Hair | Helsinki best hair salon\",\"isPartOf\":{\"@id\":\"https:\\\/\\\/qhair.fi\\\/#website\"},\"primaryImageOfPage\":{\"@id\":\"https:\\\/\\\/qhair.fi\\\/palvelut\\\/palvelut-yrityksille-ja-ryhmille\\\/#primaryimage\"},\"image\":{\"@id\":\"https:\\\/\\\/qhair.fi\\\/palvelut\\\/palvelut-yrityksille-ja-ryhmille\\\/#primaryimage\"},\"thumbnailUrl\":\"https:\\\/\\\/i0.wp.com\\\/qhair.fi\\\/wp-content\\\/uploads\\\/2019\\\/03\\\/16.PAKETIT.jpg?fit=1472%2C871&ssl=1\",\"datePublished\":\"2019-02-15T06:41:05+00:00\",\"dateModified\":\"2019-07-26T08:05:44+00:00\",\"breadcrumb\":{\"@id\":\"https:\\\/\\\/qhair.fi\\\/palvelut\\\/palvelut-yrityksille-ja-ryhmille\\\/#breadcrumb\"},\"inLanguage\":\"en-US\",\"potentialAction\":[{\"@type\":\"ReadAction\",\"target\":[\"https:\\\/\\\/qhair.fi\\\/palvelut\\\/palvelut-yrityksille-ja-ryhmille\\\/\"]}]},{\"@type\":\"ImageObject\",\"inLanguage\":\"en-US\",\"@id\":\"https:\\\/\\\/qhair.fi\\\/palvelut\\\/palvelut-yrityksille-ja-ryhmille\\\/#primaryimage\",\"url\":\"https:\\\/\\\/i0.wp.com\\\/qhair.fi\\\/wp-content\\\/uploads\\\/2019\\\/03\\\/16.PAKETIT.jpg?fit=1472%2C871&ssl=1\",\"contentUrl\":\"https:\\\/\\\/i0.wp.com\\\/qhair.fi\\\/wp-content\\\/uploads\\\/2019\\\/03\\\/16.PAKETIT.jpg?fit=1472%2C871&ssl=1\",\"width\":1472,\"height\":871},{\"@type\":\"BreadcrumbList\",\"@id\":\"https:\\\/\\\/qhair.fi\\\/palvelut\\\/palvelut-yrityksille-ja-ryhmille\\\/#breadcrumb\",\"itemListElement\":[{\"@type\":\"ListItem\",\"position\":1,\"name\":\"Home\",\"item\":\"https:\\\/\\\/qhair.fi\\\/\"},{\"@type\":\"ListItem\",\"position\":2,\"name\":\"Services\",\"item\":\"https:\\\/\\\/qhair.fi\\\/palvelut\\\/\"},{\"@type\":\"ListItem\",\"position\":3,\"name\":\"SERVICES FOR COMPANIES AND GROUPS\"}]},{\"@type\":\"WebSite\",\"@id\":\"https:\\\/\\\/qhair.fi\\\/#website\",\"url\":\"https:\\\/\\\/qhair.fi\\\/\",\"name\":\"Q Hair\",\"description\":\"Q Hair on edell\u00e4k\u00e4vij\u00e4 kampaamo Helsingin keskustassa. Saat meilt\u00e4 kaikki hiussalonkipalvelut alan uusimmilla tekniikoilla mm. hiustenleikkuut, klassiset v\u00e4rj\u00e4ykset, balayage, ombre, raidat, pidennykset, brasilialainen keratiinisuoristus ja parturi-palvelut.\",\"publisher\":{\"@id\":\"https:\\\/\\\/qhair.fi\\\/#organization\"},\"potentialAction\":[{\"@type\":\"SearchAction\",\"target\":{\"@type\":\"EntryPoint\",\"urlTemplate\":\"https:\\\/\\\/qhair.fi\\\/?s={search_term_string}\"},\"query-input\":{\"@type\":\"PropertyValueSpecification\",\"valueRequired\":true,\"valueName\":\"search_term_string\"}}],\"inLanguage\":\"en-US\"},{\"@type\":\"Organization\",\"@id\":\"https:\\\/\\\/qhair.fi\\\/#organization\",\"name\":\"Q Hair\",\"url\":\"https:\\\/\\\/qhair.fi\\\/\",\"logo\":{\"@type\":\"ImageObject\",\"inLanguage\":\"en-US\",\"@id\":\"https:\\\/\\\/qhair.fi\\\/#\\\/schema\\\/logo\\\/image\\\/\",\"url\":\"https:\\\/\\\/i0.wp.com\\\/qhair.fi\\\/wp-content\\\/uploads\\\/2019\\\/08\\\/q_hair_logo_uusi.jpg?fit=344%2C467&ssl=1\",\"contentUrl\":\"https:\\\/\\\/i0.wp.com\\\/qhair.fi\\\/wp-content\\\/uploads\\\/2019\\\/08\\\/q_hair_logo_uusi.jpg?fit=344%2C467&ssl=1\",\"width\":344,\"height\":467,\"caption\":\"Q Hair\"},\"image\":{\"@id\":\"https:\\\/\\\/qhair.fi\\\/#\\\/schema\\\/logo\\\/image\\\/\"},\"sameAs\":[\"http:\\\/\\\/facebook.com\\\/hairq\\\/\",\"https:\\\/\\\/x.com\\\/qhairq\",\"https:\\\/\\\/www.instagram.com\\\/qhairq\\\/\"]}]}<\/script>\n<!-- \/ Yoast SEO Premium plugin. -->","yoast_head_json":{"title":"SERVICES FOR COMPANIES AND GROUPS - Q Hair | Helsinki best hair salon","robots":{"index":"index","follow":"follow","max-snippet":"max-snippet:-1","max-image-preview":"max-image-preview:large","max-video-preview":"max-video-preview:-1"},"canonical":"https:\/\/qhair.fi\/palvelut\/palvelut-yrityksille-ja-ryhmille\/","og_locale":"en_US","og_type":"article","og_title":"SERVICES FOR COMPANIES AND GROUPS","og_description":"Services for companies and groups Are you planning an event for a big group or a delightful day for your co-workers? Q Hair can accommodate a bigger group at once. We arrange and plan a day full of pampering with a great deal of professional expertise. Options include makeovers, party updos, personalized makeup guidance, company [&hellip;]","og_url":"https:\/\/qhair.fi\/palvelut\/palvelut-yrityksille-ja-ryhmille\/","og_site_name":"Q Hair | Helsinki best hair salon","article_publisher":"http:\/\/facebook.com\/hairq\/","article_modified_time":"2019-07-26T08:05:44+00:00","og_image":[{"width":1472,"height":871,"url":"https:\/\/i0.wp.com\/qhair.fi\/wp-content\/uploads\/2019\/03\/16.PAKETIT.jpg?fit=1472%2C871&ssl=1","type":"image\/jpeg"}],"twitter_card":"summary_large_image","twitter_site":"@qhairq","schema":{"@context":"https:\/\/schema.org","@graph":[{"@type":"WebPage","@id":"https:\/\/qhair.fi\/palvelut\/palvelut-yrityksille-ja-ryhmille\/","url":"https:\/\/qhair.fi\/palvelut\/palvelut-yrityksille-ja-ryhmille\/","name":"SERVICES FOR COMPANIES AND GROUPS - Q Hair | Helsinki best hair salon","isPartOf":{"@id":"https:\/\/qhair.fi\/#website"},"primaryImageOfPage":{"@id":"https:\/\/qhair.fi\/palvelut\/palvelut-yrityksille-ja-ryhmille\/#primaryimage"},"image":{"@id":"https:\/\/qhair.fi\/palvelut\/palvelut-yrityksille-ja-ryhmille\/#primaryimage"},"thumbnailUrl":"https:\/\/i0.wp.com\/qhair.fi\/wp-content\/uploads\/2019\/03\/16.PAKETIT.jpg?fit=1472%2C871&ssl=1","datePublished":"2019-02-15T06:41:05+00:00","dateModified":"2019-07-26T08:05:44+00:00","breadcrumb":{"@id":"https:\/\/qhair.fi\/palvelut\/palvelut-yrityksille-ja-ryhmille\/#breadcrumb"},"inLanguage":"en-US","potentialAction":[{"@type":"ReadAction","target":["https:\/\/qhair.fi\/palvelut\/palvelut-yrityksille-ja-ryhmille\/"]}]},{"@type":"ImageObject","inLanguage":"en-US","@id":"https:\/\/qhair.fi\/palvelut\/palvelut-yrityksille-ja-ryhmille\/#primaryimage","url":"https:\/\/i0.wp.com\/qhair.fi\/wp-content\/uploads\/2019\/03\/16.PAKETIT.jpg?fit=1472%2C871&ssl=1","contentUrl":"https:\/\/i0.wp.com\/qhair.fi\/wp-content\/uploads\/2019\/03\/16.PAKETIT.jpg?fit=1472%2C871&ssl=1","width":1472,"height":871},{"@type":"BreadcrumbList","@id":"https:\/\/qhair.fi\/palvelut\/palvelut-yrityksille-ja-ryhmille\/#breadcrumb","itemListElement":[{"@type":"ListItem","position":1,"name":"Home","item":"https:\/\/qhair.fi\/"},{"@type":"ListItem","position":2,"name":"Services","item":"https:\/\/qhair.fi\/palvelut\/"},{"@type":"ListItem","position":3,"name":"SERVICES FOR COMPANIES AND GROUPS"}]},{"@type":"WebSite","@id":"https:\/\/qhair.fi\/#website","url":"https:\/\/qhair.fi\/","name":"Q Hair","description":"Q Hair on edell\u00e4k\u00e4vij\u00e4 kampaamo Helsingin keskustassa. Saat meilt\u00e4 kaikki hiussalonkipalvelut alan uusimmilla tekniikoilla mm. hiustenleikkuut, klassiset v\u00e4rj\u00e4ykset, balayage, ombre, raidat, pidennykset, brasilialainen keratiinisuoristus ja parturi-palvelut.","publisher":{"@id":"https:\/\/qhair.fi\/#organization"},"potentialAction":[{"@type":"SearchAction","target":{"@type":"EntryPoint","urlTemplate":"https:\/\/qhair.fi\/?s={search_term_string}"},"query-input":{"@type":"PropertyValueSpecification","valueRequired":true,"valueName":"search_term_string"}}],"inLanguage":"en-US"},{"@type":"Organization","@id":"https:\/\/qhair.fi\/#organization","name":"Q Hair","url":"https:\/\/qhair.fi\/","logo":{"@type":"ImageObject","inLanguage":"en-US","@id":"https:\/\/qhair.fi\/#\/schema\/logo\/image\/","url":"https:\/\/i0.wp.com\/qhair.fi\/wp-content\/uploads\/2019\/08\/q_hair_logo_uusi.jpg?fit=344%2C467&ssl=1","contentUrl":"https:\/\/i0.wp.com\/qhair.fi\/wp-content\/uploads\/2019\/08\/q_hair_logo_uusi.jpg?fit=344%2C467&ssl=1","width":344,"height":467,"caption":"Q Hair"},"image":{"@id":"https:\/\/qhair.fi\/#\/schema\/logo\/image\/"},"sameAs":["http:\/\/facebook.com\/hairq\/","https:\/\/x.com\/qhairq","https:\/\/www.instagram.com\/qhairq\/"]}]}},"jetpack_sharing_enabled":true,"_links":{"self":[{"href":"https:\/\/qhair.fi\/en\/wp-json\/wp\/v2\/pages\/367","targetHints":{"allow":["GET"]}}],"collection":[{"href":"https:\/\/qhair.fi\/en\/wp-json\/wp\/v2\/pages"}],"about":[{"href":"https:\/\/qhair.fi\/en\/wp-json\/wp\/v2\/types\/page"}],"author":[{"embeddable":true,"href":"https:\/\/qhair.fi\/en\/wp-json\/wp\/v2\/users\/3"}],"replies":[{"embeddable":true,"href":"https:\/\/qhair.fi\/en\/wp-json\/wp\/v2\/comments?post=367"}],"version-history":[{"count":0,"href":"https:\/\/qhair.fi\/en\/wp-json\/wp\/v2\/pages\/367\/revisions"}],"up":[{"embeddable":true,"href":"https:\/\/qhair.fi\/en\/wp-json\/wp\/v2\/pages\/326"}],"wp:featuredmedia":[{"embeddable":true,"href":"https:\/\/qhair.fi\/en\/wp-json\/wp\/v2\/media\/757"}],"wp:attachment":[{"href":"https:\/\/qhair.fi\/en\/wp-json\/wp\/v2\/media?parent=367"}],"curies":[{"name":"wp","href":"https:\/\/api.w.org\/{rel}","templated":true}]}}