


{"id":365,"date":"2019-02-15T06:39:52","date_gmt":"2019-02-15T06:39:52","guid":{"rendered":"https:\/\/qhair.fi\/?page_id=365"},"modified":"2021-03-22T09:32:12","modified_gmt":"2021-03-22T07:32:12","slug":"consultation","status":"publish","type":"page","link":"https:\/\/qhair.fi\/en\/services\/consultation\/","title":{"rendered":"CONSULTATION"},"content":{"rendered":"<h2>Consultation<\/h2>\n<p>When in doubt, use our consultation service!<\/p>\n<p>If you\u2019re dreaming of a bigger change for your hair or you\u2019re uncertain of what you want to do, you can book an appointment for consultation. Please book the consultation prior to your actual appointment with the stylist.<\/p>\n<p>Consultation is free of charge and takes about half an hour.<\/p>\n<p>A picture is worth a thousand words. You can show the stylist a picture of the hair of your dreams so they can get a better understanding of what you wish for.<\/p>\n<p><strong>Please book the consultation appointment by calling to the salon of your wish.<\/strong><\/p>\n<p>Kamppi Shopping Center &#8211; Kortteli 5th floor, tel. \u00a0<a href=\"tel:+358931544700\"><strong>+358931544700<\/strong><\/a><\/p>\n<p>Kamppi &#8211; Runeberginkatu 4, tel. \u00a0<a href=\"tel:+3589626670\"><strong>+3589626670<\/strong><\/a><\/p>\n<p>Punavuori &#8211; Albertinkatu 23-24, tel. \u00a0<a href=\"tel:+358931577555\"><strong>+358931577555<\/strong><\/a><\/p>\n<p>Kamppi &#8211; Malminrinne 2-4, tel. \u00a0<a href=\"tel:+358925251100\"><strong>+358925251100<\/strong><\/a><\/p>\n","protected":false},"excerpt":{"rendered":"<p>Consultation When in doubt, use our consultation service! If you\u2019re dreaming of a bigger change for your hair or you\u2019re uncertain of what you want to do, you can book an appointment for consultation. Please book the consultation prior to your actual appointment with the stylist. Consultation is free of charge and takes about half [&hellip;]<\/p>\n","protected":false},"author":3,"featured_media":755,"parent":326,"menu_order":15,"comment_status":"open","ping_status":"closed","template":"inc\/childpage.php","meta":{"_acf_changed":false,"_improvement_type_select":"improve_an_existing","_thumb_yes_seoaic":false,"_frame_yes_seoaic":false,"seoaic_generate_description":"","seoaic_improve_instructions_prompt":"","seoaic_rollback_content_improvement":"","seoaic_idea_thumbnail_generator":"","thumbnail_generated":false,"thumbnail_generate_prompt":"","seoaic_article_description":"","footnotes":""},"class_list":["post-365","page","type-page","status-publish","has-post-thumbnail","hentry","entry"],"acf":[],"yoast_head":"<!-- This site is optimized with the Yoast SEO Premium plugin v27.4 (Yoast SEO v27.4) - https:\/\/yoast.com\/product\/yoast-seo-premium-wordpress\/ -->\n<title>CONSULTATION - Q Hair | Helsinki best hair salon<\/title>\n<meta name=\"robots\" content=\"index, follow, max-snippet:-1, max-image-preview:large, max-video-preview:-1\" \/>\n<link rel=\"canonical\" href=\"https:\/\/qhair.fi\/palvelut\/konsultaatio\/\" \/>\n<meta property=\"og:locale\" content=\"en_US\" \/>\n<meta property=\"og:type\" content=\"article\" \/>\n<meta property=\"og:title\" content=\"CONSULTATION\" \/>\n<meta property=\"og:description\" content=\"Consultation When in doubt, use our consultation service! If you\u2019re dreaming of a bigger change for your hair or you\u2019re uncertain of what you want to do, you can book an appointment for consultation. Please book the consultation prior to your actual appointment with the stylist. Consultation is free of charge and takes about half [&hellip;]\" \/>\n<meta property=\"og:url\" content=\"https:\/\/qhair.fi\/palvelut\/konsultaatio\/\" \/>\n<meta property=\"og:site_name\" content=\"Q Hair | Helsinki best hair salon\" \/>\n<meta property=\"article:publisher\" content=\"http:\/\/facebook.com\/hairq\/\" \/>\n<meta property=\"article:modified_time\" content=\"2021-03-22T07:32:12+00:00\" \/>\n<meta property=\"og:image\" content=\"https:\/\/i0.wp.com\/qhair.fi\/wp-content\/uploads\/2019\/03\/15.KONSULTAATIO.jpg?fit=1762%2C1042&ssl=1\" \/>\n\t<meta property=\"og:image:width\" content=\"1762\" \/>\n\t<meta property=\"og:image:height\" content=\"1042\" \/>\n\t<meta property=\"og:image:type\" content=\"image\/jpeg\" \/>\n<meta name=\"twitter:card\" content=\"summary_large_image\" \/>\n<meta name=\"twitter:site\" content=\"@qhairq\" \/>\n<meta name=\"twitter:label1\" content=\"Est. reading time\" \/>\n\t<meta name=\"twitter:data1\" content=\"1 minute\" \/>\n<script type=\"application\/ld+json\" class=\"yoast-schema-graph\">{\"@context\":\"https:\\\/\\\/schema.org\",\"@graph\":[{\"@type\":\"WebPage\",\"@id\":\"https:\\\/\\\/qhair.fi\\\/palvelut\\\/konsultaatio\\\/\",\"url\":\"https:\\\/\\\/qhair.fi\\\/palvelut\\\/konsultaatio\\\/\",\"name\":\"CONSULTATION - Q Hair | Helsinki best hair salon\",\"isPartOf\":{\"@id\":\"https:\\\/\\\/qhair.fi\\\/#website\"},\"primaryImageOfPage\":{\"@id\":\"https:\\\/\\\/qhair.fi\\\/palvelut\\\/konsultaatio\\\/#primaryimage\"},\"image\":{\"@id\":\"https:\\\/\\\/qhair.fi\\\/palvelut\\\/konsultaatio\\\/#primaryimage\"},\"thumbnailUrl\":\"https:\\\/\\\/i0.wp.com\\\/qhair.fi\\\/wp-content\\\/uploads\\\/2019\\\/03\\\/15.KONSULTAATIO.jpg?fit=1762%2C1042&ssl=1\",\"datePublished\":\"2019-02-15T06:39:52+00:00\",\"dateModified\":\"2021-03-22T07:32:12+00:00\",\"breadcrumb\":{\"@id\":\"https:\\\/\\\/qhair.fi\\\/palvelut\\\/konsultaatio\\\/#breadcrumb\"},\"inLanguage\":\"en-US\",\"potentialAction\":[{\"@type\":\"ReadAction\",\"target\":[\"https:\\\/\\\/qhair.fi\\\/palvelut\\\/konsultaatio\\\/\"]}]},{\"@type\":\"ImageObject\",\"inLanguage\":\"en-US\",\"@id\":\"https:\\\/\\\/qhair.fi\\\/palvelut\\\/konsultaatio\\\/#primaryimage\",\"url\":\"https:\\\/\\\/i0.wp.com\\\/qhair.fi\\\/wp-content\\\/uploads\\\/2019\\\/03\\\/15.KONSULTAATIO.jpg?fit=1762%2C1042&ssl=1\",\"contentUrl\":\"https:\\\/\\\/i0.wp.com\\\/qhair.fi\\\/wp-content\\\/uploads\\\/2019\\\/03\\\/15.KONSULTAATIO.jpg?fit=1762%2C1042&ssl=1\",\"width\":1762,\"height\":1042},{\"@type\":\"BreadcrumbList\",\"@id\":\"https:\\\/\\\/qhair.fi\\\/palvelut\\\/konsultaatio\\\/#breadcrumb\",\"itemListElement\":[{\"@type\":\"ListItem\",\"position\":1,\"name\":\"Home\",\"item\":\"https:\\\/\\\/qhair.fi\\\/\"},{\"@type\":\"ListItem\",\"position\":2,\"name\":\"Services\",\"item\":\"https:\\\/\\\/qhair.fi\\\/palvelut\\\/\"},{\"@type\":\"ListItem\",\"position\":3,\"name\":\"CONSULTATION\"}]},{\"@type\":\"WebSite\",\"@id\":\"https:\\\/\\\/qhair.fi\\\/#website\",\"url\":\"https:\\\/\\\/qhair.fi\\\/\",\"name\":\"Q Hair\",\"description\":\"Q Hair on edell\u00e4k\u00e4vij\u00e4 kampaamo Helsingin keskustassa. Saat meilt\u00e4 kaikki hiussalonkipalvelut alan uusimmilla tekniikoilla mm. hiustenleikkuut, klassiset v\u00e4rj\u00e4ykset, balayage, ombre, raidat, pidennykset, brasilialainen keratiinisuoristus ja parturi-palvelut.\",\"publisher\":{\"@id\":\"https:\\\/\\\/qhair.fi\\\/#organization\"},\"potentialAction\":[{\"@type\":\"SearchAction\",\"target\":{\"@type\":\"EntryPoint\",\"urlTemplate\":\"https:\\\/\\\/qhair.fi\\\/?s={search_term_string}\"},\"query-input\":{\"@type\":\"PropertyValueSpecification\",\"valueRequired\":true,\"valueName\":\"search_term_string\"}}],\"inLanguage\":\"en-US\"},{\"@type\":\"Organization\",\"@id\":\"https:\\\/\\\/qhair.fi\\\/#organization\",\"name\":\"Q Hair\",\"url\":\"https:\\\/\\\/qhair.fi\\\/\",\"logo\":{\"@type\":\"ImageObject\",\"inLanguage\":\"en-US\",\"@id\":\"https:\\\/\\\/qhair.fi\\\/#\\\/schema\\\/logo\\\/image\\\/\",\"url\":\"https:\\\/\\\/i0.wp.com\\\/qhair.fi\\\/wp-content\\\/uploads\\\/2019\\\/08\\\/q_hair_logo_uusi.jpg?fit=344%2C467&ssl=1\",\"contentUrl\":\"https:\\\/\\\/i0.wp.com\\\/qhair.fi\\\/wp-content\\\/uploads\\\/2019\\\/08\\\/q_hair_logo_uusi.jpg?fit=344%2C467&ssl=1\",\"width\":344,\"height\":467,\"caption\":\"Q Hair\"},\"image\":{\"@id\":\"https:\\\/\\\/qhair.fi\\\/#\\\/schema\\\/logo\\\/image\\\/\"},\"sameAs\":[\"http:\\\/\\\/facebook.com\\\/hairq\\\/\",\"https:\\\/\\\/x.com\\\/qhairq\",\"https:\\\/\\\/www.instagram.com\\\/qhairq\\\/\"]}]}<\/script>\n<!-- \/ Yoast SEO Premium plugin. -->","yoast_head_json":{"title":"CONSULTATION - Q Hair | Helsinki best hair salon","robots":{"index":"index","follow":"follow","max-snippet":"max-snippet:-1","max-image-preview":"max-image-preview:large","max-video-preview":"max-video-preview:-1"},"canonical":"https:\/\/qhair.fi\/palvelut\/konsultaatio\/","og_locale":"en_US","og_type":"article","og_title":"CONSULTATION","og_description":"Consultation When in doubt, use our consultation service! If you\u2019re dreaming of a bigger change for your hair or you\u2019re uncertain of what you want to do, you can book an appointment for consultation. Please book the consultation prior to your actual appointment with the stylist. Consultation is free of charge and takes about half [&hellip;]","og_url":"https:\/\/qhair.fi\/palvelut\/konsultaatio\/","og_site_name":"Q Hair | Helsinki best hair salon","article_publisher":"http:\/\/facebook.com\/hairq\/","article_modified_time":"2021-03-22T07:32:12+00:00","og_image":[{"width":1762,"height":1042,"url":"https:\/\/i0.wp.com\/qhair.fi\/wp-content\/uploads\/2019\/03\/15.KONSULTAATIO.jpg?fit=1762%2C1042&ssl=1","type":"image\/jpeg"}],"twitter_card":"summary_large_image","twitter_site":"@qhairq","twitter_misc":{"Est. reading time":"1 minute"},"schema":{"@context":"https:\/\/schema.org","@graph":[{"@type":"WebPage","@id":"https:\/\/qhair.fi\/palvelut\/konsultaatio\/","url":"https:\/\/qhair.fi\/palvelut\/konsultaatio\/","name":"CONSULTATION - Q Hair | Helsinki best hair salon","isPartOf":{"@id":"https:\/\/qhair.fi\/#website"},"primaryImageOfPage":{"@id":"https:\/\/qhair.fi\/palvelut\/konsultaatio\/#primaryimage"},"image":{"@id":"https:\/\/qhair.fi\/palvelut\/konsultaatio\/#primaryimage"},"thumbnailUrl":"https:\/\/i0.wp.com\/qhair.fi\/wp-content\/uploads\/2019\/03\/15.KONSULTAATIO.jpg?fit=1762%2C1042&ssl=1","datePublished":"2019-02-15T06:39:52+00:00","dateModified":"2021-03-22T07:32:12+00:00","breadcrumb":{"@id":"https:\/\/qhair.fi\/palvelut\/konsultaatio\/#breadcrumb"},"inLanguage":"en-US","potentialAction":[{"@type":"ReadAction","target":["https:\/\/qhair.fi\/palvelut\/konsultaatio\/"]}]},{"@type":"ImageObject","inLanguage":"en-US","@id":"https:\/\/qhair.fi\/palvelut\/konsultaatio\/#primaryimage","url":"https:\/\/i0.wp.com\/qhair.fi\/wp-content\/uploads\/2019\/03\/15.KONSULTAATIO.jpg?fit=1762%2C1042&ssl=1","contentUrl":"https:\/\/i0.wp.com\/qhair.fi\/wp-content\/uploads\/2019\/03\/15.KONSULTAATIO.jpg?fit=1762%2C1042&ssl=1","width":1762,"height":1042},{"@type":"BreadcrumbList","@id":"https:\/\/qhair.fi\/palvelut\/konsultaatio\/#breadcrumb","itemListElement":[{"@type":"ListItem","position":1,"name":"Home","item":"https:\/\/qhair.fi\/"},{"@type":"ListItem","position":2,"name":"Services","item":"https:\/\/qhair.fi\/palvelut\/"},{"@type":"ListItem","position":3,"name":"CONSULTATION"}]},{"@type":"WebSite","@id":"https:\/\/qhair.fi\/#website","url":"https:\/\/qhair.fi\/","name":"Q Hair","description":"Q Hair on edell\u00e4k\u00e4vij\u00e4 kampaamo Helsingin keskustassa. Saat meilt\u00e4 kaikki hiussalonkipalvelut alan uusimmilla tekniikoilla mm. hiustenleikkuut, klassiset v\u00e4rj\u00e4ykset, balayage, ombre, raidat, pidennykset, brasilialainen keratiinisuoristus ja parturi-palvelut.","publisher":{"@id":"https:\/\/qhair.fi\/#organization"},"potentialAction":[{"@type":"SearchAction","target":{"@type":"EntryPoint","urlTemplate":"https:\/\/qhair.fi\/?s={search_term_string}"},"query-input":{"@type":"PropertyValueSpecification","valueRequired":true,"valueName":"search_term_string"}}],"inLanguage":"en-US"},{"@type":"Organization","@id":"https:\/\/qhair.fi\/#organization","name":"Q Hair","url":"https:\/\/qhair.fi\/","logo":{"@type":"ImageObject","inLanguage":"en-US","@id":"https:\/\/qhair.fi\/#\/schema\/logo\/image\/","url":"https:\/\/i0.wp.com\/qhair.fi\/wp-content\/uploads\/2019\/08\/q_hair_logo_uusi.jpg?fit=344%2C467&ssl=1","contentUrl":"https:\/\/i0.wp.com\/qhair.fi\/wp-content\/uploads\/2019\/08\/q_hair_logo_uusi.jpg?fit=344%2C467&ssl=1","width":344,"height":467,"caption":"Q Hair"},"image":{"@id":"https:\/\/qhair.fi\/#\/schema\/logo\/image\/"},"sameAs":["http:\/\/facebook.com\/hairq\/","https:\/\/x.com\/qhairq","https:\/\/www.instagram.com\/qhairq\/"]}]}},"jetpack_sharing_enabled":true,"_links":{"self":[{"href":"https:\/\/qhair.fi\/en\/wp-json\/wp\/v2\/pages\/365","targetHints":{"allow":["GET"]}}],"collection":[{"href":"https:\/\/qhair.fi\/en\/wp-json\/wp\/v2\/pages"}],"about":[{"href":"https:\/\/qhair.fi\/en\/wp-json\/wp\/v2\/types\/page"}],"author":[{"embeddable":true,"href":"https:\/\/qhair.fi\/en\/wp-json\/wp\/v2\/users\/3"}],"replies":[{"embeddable":true,"href":"https:\/\/qhair.fi\/en\/wp-json\/wp\/v2\/comments?post=365"}],"version-history":[{"count":3,"href":"https:\/\/qhair.fi\/en\/wp-json\/wp\/v2\/pages\/365\/revisions"}],"predecessor-version":[{"id":8648,"href":"https:\/\/qhair.fi\/en\/wp-json\/wp\/v2\/pages\/365\/revisions\/8648"}],"up":[{"embeddable":true,"href":"https:\/\/qhair.fi\/en\/wp-json\/wp\/v2\/pages\/326"}],"wp:featuredmedia":[{"embeddable":true,"href":"https:\/\/qhair.fi\/en\/wp-json\/wp\/v2\/media\/755"}],"wp:attachment":[{"href":"https:\/\/qhair.fi\/en\/wp-json\/wp\/v2\/media?parent=365"}],"curies":[{"name":"wp","href":"https:\/\/api.w.org\/{rel}","templated":true}]}}