


{"id":362,"date":"2019-02-15T06:37:23","date_gmt":"2019-02-15T06:37:23","guid":{"rendered":"https:\/\/qhair.fi\/?page_id=362"},"modified":"2025-06-10T14:40:19","modified_gmt":"2025-06-10T11:40:19","slug":"makeovers","status":"publish","type":"page","link":"https:\/\/qhair.fi\/en\/services\/makeovers\/","title":{"rendered":"MAKEOVERS"},"content":{"rendered":"<h2>Makeovers<\/h2>\n<p><strong>At Q Hair, we specialize in hair transformations and complete style makeovers.<\/strong><br \/>\nMany of us tend to stick with the same hairstyle for years \u2014 sometimes all it takes is a bold step and a professional vision to bring about the change you&#8217;ve been thinking about. When you place your trust in our experienced stylists, they\u2019ll create a fresh look that highlights your personality and enhances your natural features.<\/p>\n<p><strong>A full transformation is a thoughtful, time-intensive process,<\/strong>\u00a0so set aside the day for yourself and enjoy the experience. Sit back and relax with a selection from our quality coffee and tea menu, and browse through a magazine while our professionals work their magic. This is your moment.<\/p>\n<p><strong>Before a major change, we recommend booking a personal consultation.<\/strong><br \/>\nIf you&#8217;re traveling from further away and can\u2019t visit in advance, you\u2019re welcome to send us photos of your hair and style inspiration.<\/p>\n<p>&nbsp;<\/p>\n<p><strong>We create transformations for clients of all ages \u2014 you&#8217;re warmly welcome!<\/strong><\/p>\n","protected":false},"excerpt":{"rendered":"<p>Makeovers At Q Hair, we specialize in hair transformations and complete style makeovers. Many of us tend to stick with the same hairstyle for years \u2014 sometimes all it takes is a bold step and a professional vision to bring about the change you&#8217;ve been thinking about. When you place your trust in our experienced [&hellip;]<\/p>\n","protected":false},"author":3,"featured_media":753,"parent":326,"menu_order":14,"comment_status":"open","ping_status":"closed","template":"inc\/childpage.php","meta":{"_acf_changed":false,"_improvement_type_select":"improve_an_existing","_thumb_yes_seoaic":false,"_frame_yes_seoaic":false,"seoaic_generate_description":"","seoaic_improve_instructions_prompt":"","seoaic_rollback_content_improvement":"","seoaic_idea_thumbnail_generator":"","thumbnail_generated":false,"thumbnail_generate_prompt":"","seoaic_article_description":"","footnotes":""},"class_list":["post-362","page","type-page","status-publish","has-post-thumbnail","hentry","entry"],"acf":[],"yoast_head":"<!-- This site is optimized with the Yoast SEO Premium plugin v27.2 (Yoast SEO v27.4) - https:\/\/yoast.com\/product\/yoast-seo-premium-wordpress\/ -->\n<title>MAKEOVERS - Q Hair | Helsinki best hair salon<\/title>\n<meta name=\"robots\" content=\"index, follow, max-snippet:-1, max-image-preview:large, max-video-preview:-1\" \/>\n<link rel=\"canonical\" href=\"https:\/\/qhair.fi\/palvelut\/muodonmuutokset\/\" \/>\n<meta property=\"og:locale\" content=\"en_US\" \/>\n<meta property=\"og:type\" content=\"article\" \/>\n<meta property=\"og:title\" content=\"MAKEOVERS\" \/>\n<meta property=\"og:description\" content=\"Makeovers At Q Hair, we specialize in hair transformations and complete style makeovers. Many of us tend to stick with the same hairstyle for years \u2014 sometimes all it takes is a bold step and a professional vision to bring about the change you&#8217;ve been thinking about. When you place your trust in our experienced [&hellip;]\" \/>\n<meta property=\"og:url\" content=\"https:\/\/qhair.fi\/palvelut\/muodonmuutokset\/\" \/>\n<meta property=\"og:site_name\" content=\"Q Hair | Helsinki best hair salon\" \/>\n<meta property=\"article:publisher\" content=\"http:\/\/facebook.com\/hairq\/\" \/>\n<meta property=\"article:modified_time\" content=\"2025-06-10T11:40:19+00:00\" \/>\n<meta property=\"og:image\" content=\"https:\/\/i0.wp.com\/qhair.fi\/wp-content\/uploads\/2019\/03\/14.MUODONMUUTOKSET.jpg?fit=1475%2C872&ssl=1\" \/>\n\t<meta property=\"og:image:width\" content=\"1475\" \/>\n\t<meta property=\"og:image:height\" content=\"872\" \/>\n\t<meta property=\"og:image:type\" content=\"image\/jpeg\" \/>\n<meta name=\"twitter:card\" content=\"summary_large_image\" \/>\n<meta name=\"twitter:site\" content=\"@qhairq\" \/>\n<meta name=\"twitter:label1\" content=\"Est. reading time\" \/>\n\t<meta name=\"twitter:data1\" content=\"1 minute\" \/>\n<script type=\"application\/ld+json\" class=\"yoast-schema-graph\">{\"@context\":\"https:\\\/\\\/schema.org\",\"@graph\":[{\"@type\":\"WebPage\",\"@id\":\"https:\\\/\\\/qhair.fi\\\/palvelut\\\/muodonmuutokset\\\/\",\"url\":\"https:\\\/\\\/qhair.fi\\\/palvelut\\\/muodonmuutokset\\\/\",\"name\":\"MAKEOVERS - Q Hair | Helsinki best hair salon\",\"isPartOf\":{\"@id\":\"https:\\\/\\\/qhair.fi\\\/#website\"},\"primaryImageOfPage\":{\"@id\":\"https:\\\/\\\/qhair.fi\\\/palvelut\\\/muodonmuutokset\\\/#primaryimage\"},\"image\":{\"@id\":\"https:\\\/\\\/qhair.fi\\\/palvelut\\\/muodonmuutokset\\\/#primaryimage\"},\"thumbnailUrl\":\"https:\\\/\\\/i0.wp.com\\\/qhair.fi\\\/wp-content\\\/uploads\\\/2019\\\/03\\\/14.MUODONMUUTOKSET.jpg?fit=1475%2C872&ssl=1\",\"datePublished\":\"2019-02-15T06:37:23+00:00\",\"dateModified\":\"2025-06-10T11:40:19+00:00\",\"breadcrumb\":{\"@id\":\"https:\\\/\\\/qhair.fi\\\/palvelut\\\/muodonmuutokset\\\/#breadcrumb\"},\"inLanguage\":\"en-US\",\"potentialAction\":[{\"@type\":\"ReadAction\",\"target\":[\"https:\\\/\\\/qhair.fi\\\/palvelut\\\/muodonmuutokset\\\/\"]}]},{\"@type\":\"ImageObject\",\"inLanguage\":\"en-US\",\"@id\":\"https:\\\/\\\/qhair.fi\\\/palvelut\\\/muodonmuutokset\\\/#primaryimage\",\"url\":\"https:\\\/\\\/i0.wp.com\\\/qhair.fi\\\/wp-content\\\/uploads\\\/2019\\\/03\\\/14.MUODONMUUTOKSET.jpg?fit=1475%2C872&ssl=1\",\"contentUrl\":\"https:\\\/\\\/i0.wp.com\\\/qhair.fi\\\/wp-content\\\/uploads\\\/2019\\\/03\\\/14.MUODONMUUTOKSET.jpg?fit=1475%2C872&ssl=1\",\"width\":1475,\"height\":872},{\"@type\":\"BreadcrumbList\",\"@id\":\"https:\\\/\\\/qhair.fi\\\/palvelut\\\/muodonmuutokset\\\/#breadcrumb\",\"itemListElement\":[{\"@type\":\"ListItem\",\"position\":1,\"name\":\"Home\",\"item\":\"https:\\\/\\\/qhair.fi\\\/\"},{\"@type\":\"ListItem\",\"position\":2,\"name\":\"Services\",\"item\":\"https:\\\/\\\/qhair.fi\\\/palvelut\\\/\"},{\"@type\":\"ListItem\",\"position\":3,\"name\":\"MAKEOVERS\"}]},{\"@type\":\"WebSite\",\"@id\":\"https:\\\/\\\/qhair.fi\\\/#website\",\"url\":\"https:\\\/\\\/qhair.fi\\\/\",\"name\":\"Q Hair\",\"description\":\"Q Hair on edell\u00e4k\u00e4vij\u00e4 kampaamo Helsingin keskustassa. Saat meilt\u00e4 kaikki hiussalonkipalvelut alan uusimmilla tekniikoilla mm. hiustenleikkuut, klassiset v\u00e4rj\u00e4ykset, balayage, ombre, raidat, pidennykset, brasilialainen keratiinisuoristus ja parturi-palvelut.\",\"publisher\":{\"@id\":\"https:\\\/\\\/qhair.fi\\\/#organization\"},\"potentialAction\":[{\"@type\":\"SearchAction\",\"target\":{\"@type\":\"EntryPoint\",\"urlTemplate\":\"https:\\\/\\\/qhair.fi\\\/?s={search_term_string}\"},\"query-input\":{\"@type\":\"PropertyValueSpecification\",\"valueRequired\":true,\"valueName\":\"search_term_string\"}}],\"inLanguage\":\"en-US\"},{\"@type\":\"Organization\",\"@id\":\"https:\\\/\\\/qhair.fi\\\/#organization\",\"name\":\"Q Hair\",\"url\":\"https:\\\/\\\/qhair.fi\\\/\",\"logo\":{\"@type\":\"ImageObject\",\"inLanguage\":\"en-US\",\"@id\":\"https:\\\/\\\/qhair.fi\\\/#\\\/schema\\\/logo\\\/image\\\/\",\"url\":\"https:\\\/\\\/i0.wp.com\\\/qhair.fi\\\/wp-content\\\/uploads\\\/2019\\\/08\\\/q_hair_logo_uusi.jpg?fit=344%2C467&ssl=1\",\"contentUrl\":\"https:\\\/\\\/i0.wp.com\\\/qhair.fi\\\/wp-content\\\/uploads\\\/2019\\\/08\\\/q_hair_logo_uusi.jpg?fit=344%2C467&ssl=1\",\"width\":344,\"height\":467,\"caption\":\"Q Hair\"},\"image\":{\"@id\":\"https:\\\/\\\/qhair.fi\\\/#\\\/schema\\\/logo\\\/image\\\/\"},\"sameAs\":[\"http:\\\/\\\/facebook.com\\\/hairq\\\/\",\"https:\\\/\\\/x.com\\\/qhairq\",\"https:\\\/\\\/www.instagram.com\\\/qhairq\\\/\"]}]}<\/script>\n<!-- \/ Yoast SEO Premium plugin. -->","yoast_head_json":{"title":"MAKEOVERS - Q Hair | Helsinki best hair salon","robots":{"index":"index","follow":"follow","max-snippet":"max-snippet:-1","max-image-preview":"max-image-preview:large","max-video-preview":"max-video-preview:-1"},"canonical":"https:\/\/qhair.fi\/palvelut\/muodonmuutokset\/","og_locale":"en_US","og_type":"article","og_title":"MAKEOVERS","og_description":"Makeovers At Q Hair, we specialize in hair transformations and complete style makeovers. Many of us tend to stick with the same hairstyle for years \u2014 sometimes all it takes is a bold step and a professional vision to bring about the change you&#8217;ve been thinking about. When you place your trust in our experienced [&hellip;]","og_url":"https:\/\/qhair.fi\/palvelut\/muodonmuutokset\/","og_site_name":"Q Hair | Helsinki best hair salon","article_publisher":"http:\/\/facebook.com\/hairq\/","article_modified_time":"2025-06-10T11:40:19+00:00","og_image":[{"width":1475,"height":872,"url":"https:\/\/i0.wp.com\/qhair.fi\/wp-content\/uploads\/2019\/03\/14.MUODONMUUTOKSET.jpg?fit=1475%2C872&ssl=1","type":"image\/jpeg"}],"twitter_card":"summary_large_image","twitter_site":"@qhairq","twitter_misc":{"Est. reading time":"1 minute"},"schema":{"@context":"https:\/\/schema.org","@graph":[{"@type":"WebPage","@id":"https:\/\/qhair.fi\/palvelut\/muodonmuutokset\/","url":"https:\/\/qhair.fi\/palvelut\/muodonmuutokset\/","name":"MAKEOVERS - Q Hair | Helsinki best hair salon","isPartOf":{"@id":"https:\/\/qhair.fi\/#website"},"primaryImageOfPage":{"@id":"https:\/\/qhair.fi\/palvelut\/muodonmuutokset\/#primaryimage"},"image":{"@id":"https:\/\/qhair.fi\/palvelut\/muodonmuutokset\/#primaryimage"},"thumbnailUrl":"https:\/\/i0.wp.com\/qhair.fi\/wp-content\/uploads\/2019\/03\/14.MUODONMUUTOKSET.jpg?fit=1475%2C872&ssl=1","datePublished":"2019-02-15T06:37:23+00:00","dateModified":"2025-06-10T11:40:19+00:00","breadcrumb":{"@id":"https:\/\/qhair.fi\/palvelut\/muodonmuutokset\/#breadcrumb"},"inLanguage":"en-US","potentialAction":[{"@type":"ReadAction","target":["https:\/\/qhair.fi\/palvelut\/muodonmuutokset\/"]}]},{"@type":"ImageObject","inLanguage":"en-US","@id":"https:\/\/qhair.fi\/palvelut\/muodonmuutokset\/#primaryimage","url":"https:\/\/i0.wp.com\/qhair.fi\/wp-content\/uploads\/2019\/03\/14.MUODONMUUTOKSET.jpg?fit=1475%2C872&ssl=1","contentUrl":"https:\/\/i0.wp.com\/qhair.fi\/wp-content\/uploads\/2019\/03\/14.MUODONMUUTOKSET.jpg?fit=1475%2C872&ssl=1","width":1475,"height":872},{"@type":"BreadcrumbList","@id":"https:\/\/qhair.fi\/palvelut\/muodonmuutokset\/#breadcrumb","itemListElement":[{"@type":"ListItem","position":1,"name":"Home","item":"https:\/\/qhair.fi\/"},{"@type":"ListItem","position":2,"name":"Services","item":"https:\/\/qhair.fi\/palvelut\/"},{"@type":"ListItem","position":3,"name":"MAKEOVERS"}]},{"@type":"WebSite","@id":"https:\/\/qhair.fi\/#website","url":"https:\/\/qhair.fi\/","name":"Q Hair","description":"Q Hair on edell\u00e4k\u00e4vij\u00e4 kampaamo Helsingin keskustassa. Saat meilt\u00e4 kaikki hiussalonkipalvelut alan uusimmilla tekniikoilla mm. hiustenleikkuut, klassiset v\u00e4rj\u00e4ykset, balayage, ombre, raidat, pidennykset, brasilialainen keratiinisuoristus ja parturi-palvelut.","publisher":{"@id":"https:\/\/qhair.fi\/#organization"},"potentialAction":[{"@type":"SearchAction","target":{"@type":"EntryPoint","urlTemplate":"https:\/\/qhair.fi\/?s={search_term_string}"},"query-input":{"@type":"PropertyValueSpecification","valueRequired":true,"valueName":"search_term_string"}}],"inLanguage":"en-US"},{"@type":"Organization","@id":"https:\/\/qhair.fi\/#organization","name":"Q Hair","url":"https:\/\/qhair.fi\/","logo":{"@type":"ImageObject","inLanguage":"en-US","@id":"https:\/\/qhair.fi\/#\/schema\/logo\/image\/","url":"https:\/\/i0.wp.com\/qhair.fi\/wp-content\/uploads\/2019\/08\/q_hair_logo_uusi.jpg?fit=344%2C467&ssl=1","contentUrl":"https:\/\/i0.wp.com\/qhair.fi\/wp-content\/uploads\/2019\/08\/q_hair_logo_uusi.jpg?fit=344%2C467&ssl=1","width":344,"height":467,"caption":"Q Hair"},"image":{"@id":"https:\/\/qhair.fi\/#\/schema\/logo\/image\/"},"sameAs":["http:\/\/facebook.com\/hairq\/","https:\/\/x.com\/qhairq","https:\/\/www.instagram.com\/qhairq\/"]}]}},"jetpack_sharing_enabled":true,"_links":{"self":[{"href":"https:\/\/qhair.fi\/en\/wp-json\/wp\/v2\/pages\/362","targetHints":{"allow":["GET"]}}],"collection":[{"href":"https:\/\/qhair.fi\/en\/wp-json\/wp\/v2\/pages"}],"about":[{"href":"https:\/\/qhair.fi\/en\/wp-json\/wp\/v2\/types\/page"}],"author":[{"embeddable":true,"href":"https:\/\/qhair.fi\/en\/wp-json\/wp\/v2\/users\/3"}],"replies":[{"embeddable":true,"href":"https:\/\/qhair.fi\/en\/wp-json\/wp\/v2\/comments?post=362"}],"version-history":[{"count":2,"href":"https:\/\/qhair.fi\/en\/wp-json\/wp\/v2\/pages\/362\/revisions"}],"predecessor-version":[{"id":13378,"href":"https:\/\/qhair.fi\/en\/wp-json\/wp\/v2\/pages\/362\/revisions\/13378"}],"up":[{"embeddable":true,"href":"https:\/\/qhair.fi\/en\/wp-json\/wp\/v2\/pages\/326"}],"wp:featuredmedia":[{"embeddable":true,"href":"https:\/\/qhair.fi\/en\/wp-json\/wp\/v2\/media\/753"}],"wp:attachment":[{"href":"https:\/\/qhair.fi\/en\/wp-json\/wp\/v2\/media?parent=362"}],"curies":[{"name":"wp","href":"https:\/\/api.w.org\/{rel}","templated":true}]}}