


{"id":344,"date":"2019-02-15T06:23:14","date_gmt":"2019-02-15T06:23:14","guid":{"rendered":"https:\/\/qhair.fi\/?page_id=344"},"modified":"2026-01-07T14:15:10","modified_gmt":"2026-01-07T12:15:10","slug":"perms-and-keratin-treatments","status":"publish","type":"page","link":"https:\/\/qhair.fi\/en\/services\/perms-and-keratin-treatments\/","title":{"rendered":"DIGITAL PERM AND KERATIN TREATMENTS"},"content":{"rendered":"<h2>Q Hair special treatments \u2013 curls, smoothness and easier manageability<\/h2>\n<p>At Q Hair we offer a variety of hair treatments to help you achieve the results you desire; soft waves, long-lasting curls, stunning smoothness or added volume and manageability. Explore the options below and find the treatment that&#8217;s best for you!<\/p>\n<h2 data-sourcepos=\"77:1-77:21\">Consultation visit<\/h2>\n<p data-sourcepos=\"79:1-79:604\">If you haven&#8217;t had texture services or keratin treatments done with us before, you are welcome to book a <strong>consultation visit<\/strong>. During this visit, you can discuss the best treatment option for you with our stylist, as well as what kind of results you can expect from the treatment. Additionally, you will learn the price of the treatment for your specific hair. The consultation visit is <strong>free of charge<\/strong> and does not obligate you to anything. You can book a consultation by contacting us at <a href=\"mailto:info@Qhair.fi\">info@Qhair.fi<\/a> or by calling us. Please find our phone numbers and contact form from our <a href=\"https:\/\/qhair.fi\/en\/contact\/\">contact page<\/a>.<\/p>\n<p data-sourcepos=\"81:1-81:92\"><strong><i>We do not perform chemical treatments on anyonet under the age of 16. Texture treatments, keratin and Smoothfiller are not recommended for pregnant individuals.<\/i><\/strong><\/p>\n<h3 data-sourcepos=\"22:1-22:32\">Digital perm or Classic perm<\/h3>\n<p data-sourcepos=\"24:1-24:242\">A perm \u2013 or texture service \u2013 permanently changes the hair&#8217;s structure, for example, from straight to curly. This treatment can create various types of curls: soft waves, loose curls, or tighter curls \u2013 according to your wishes and hair type.<\/p>\n<p data-sourcepos=\"26:1-26:277\">The <strong>digital perm<\/strong> differs from the classic perm especially in its <strong>softness, manageability, and gentle approach<\/strong>. It uses heat-controlled rollers to achieve more natural, shiny, and movable curls or waves. This technique allows for a personalized and natural curly result.<\/p>\n<p data-sourcepos=\"28:1-28:150\">The <strong>classic perm<\/strong> is a good option when you desire more defined and structurally durable curls or when you want overall volume throughout the hair.<\/p>\n<p data-sourcepos=\"30:1-30:382\">Before booking a perm, please <strong>book a consultation<\/strong>. During the consultation, your stylist will assess your hair&#8217;s condition and determine which texture service is best suited for you. The consultation also involves planning the desired result and ensuring that the products used are right for your hair. Please note that damaged or heavily processed hair cannot be safely permed.<\/p>\n<h2>Digital perm<\/h2>\n<p>We wrote about digital perm on our blog, what is it and to whom it is suitable for. You can find the article <a href=\"https:\/\/qhair.fi\/digitaalinen-permanentti-mika-se-on-ja-kenelle-se-sopii\/\">here<\/a>.<\/p>\n<p>Read the Anna magazine interview about digital perm: <a href=\"https:\/\/anna.fi\/lifestyle\/kauneus\/digitaalinen-permanentti\">https:\/\/anna.fi\/lifestyle\/kauneus\/digitaalinen-permanentti<\/a><\/p>\n<p>Q Hair&#8217;s digital perm training in <a href=\"https:\/\/www.instagram.com\/s\/aGlnaGxpZ2h0OjE4MTI3NjQwOTc3MDgwOTI0?igshid=NzJjY2FjNWJiZg%3D%3D\">Instagram highlights<\/a>.<\/p>\n<div class=\"horizontal-scroll-wrapper\">\n<div class=\"table-block-component\">\n<div class=\"table-block has-export-button\">\n<div class=\"table-content not-end-of-paragraph\">\n<table data-sourcepos=\"11:1-16:61\">\n<tbody>\n<tr data-sourcepos=\"11:1-11:61\">\n<th align=\"left\" data-sourcepos=\"11:1-11:20\">Hair Length<\/th>\n<th align=\"left\" data-sourcepos=\"11:22-11:32\">Fine Hair<\/th>\n<th align=\"left\" data-sourcepos=\"11:34-11:46\">Normal Hair<\/th>\n<th align=\"left\" data-sourcepos=\"11:48-11:59\">Thick Hair<\/th>\n<\/tr>\n<tr data-sourcepos=\"13:1-13:61\">\n<td align=\"left\" data-sourcepos=\"13:1-13:20\">Short<\/td>\n<td align=\"left\" data-sourcepos=\"13:22-13:32\">480 \u20ac<\/td>\n<td align=\"left\" data-sourcepos=\"13:34-13:46\">515 \u20ac<\/td>\n<td align=\"left\" data-sourcepos=\"13:48-13:59\">540 \u20ac<\/td>\n<\/tr>\n<tr data-sourcepos=\"14:1-14:61\">\n<td align=\"left\" data-sourcepos=\"14:1-14:20\">Medium Length<\/td>\n<td align=\"left\" data-sourcepos=\"14:22-14:32\">575 \u20ac<\/td>\n<td align=\"left\" data-sourcepos=\"14:34-14:46\">615 \u20ac<\/td>\n<td align=\"left\" data-sourcepos=\"14:48-14:59\">670 \u20ac<\/td>\n<\/tr>\n<tr data-sourcepos=\"15:1-15:61\">\n<td align=\"left\" data-sourcepos=\"15:1-15:20\">Long<\/td>\n<td align=\"left\" data-sourcepos=\"15:22-15:32\">710 \u20ac<\/td>\n<td align=\"left\" data-sourcepos=\"15:34-15:46\">790 \u20ac<\/td>\n<td align=\"left\" data-sourcepos=\"15:48-15:59\">820 \u20ac<\/td>\n<\/tr>\n<tr data-sourcepos=\"16:1-16:61\">\n<td align=\"left\" data-sourcepos=\"16:1-16:20\">Extra Long<\/td>\n<td align=\"left\" data-sourcepos=\"16:22-16:32\">850 \u20ac<\/td>\n<td align=\"left\" data-sourcepos=\"16:34-16:46\">945 \u20ac<\/td>\n<td align=\"left\" data-sourcepos=\"16:48-16:59\">1040 \u20ac<\/td>\n<\/tr>\n<\/tbody>\n<\/table>\n<\/div>\n<\/div>\n<\/div>\n<\/div>\n<p data-sourcepos=\"18:1-18:75\">The price includes the complete treatment and a haircut to shape the style.<\/p>\n<p>&nbsp;<\/p>\n<hr data-sourcepos=\"32:1-32:5\" \/>\n<h2 data-sourcepos=\"34:1-34:20\">Keratin treatment<\/h2>\n<p data-sourcepos=\"36:1-36:507\">Keratin treatment is currently one of the world&#8217;s most popular hair care services, and for a good reason. This treatment is suitable for anyone seeking an effective solution for hard-to-manage hair \u2013 whether it&#8217;s coarse, frizzy, processed, or curly. It&#8217;s important to emphasize that a keratin treatment <strong>is not a straightening treatment<\/strong> and cannot be compared to a straightening perm. It&#8217;s a treatment that makes hair <strong>silky soft, shiny, and easily manageable<\/strong>, while preserving the hair&#8217;s natural shape.<\/p>\n<hr data-sourcepos=\"38:1-38:5\" \/>\n<h3 data-sourcepos=\"40:1-40:55\">New generation keratin treatment with vegan formula<\/h3>\n<p data-sourcepos=\"42:1-42:262\">We use an innovative, <strong>vegan keratin product<\/strong> that replaces traditional animal-derived keratin and is suitable for all hair types. The treatment can also be done as a gentler version for lightened hair, with special attention paid to hair health and structure.<\/p>\n<hr data-sourcepos=\"44:1-44:5\" \/>\n<h3 data-sourcepos=\"46:1-46:36\">Durable and long-lasting results<\/h3>\n<p data-sourcepos=\"48:1-48:277\">The effects of a keratin treatment typically last <strong>3\u20135 months<\/strong>, depending on how often you wash your hair \u2014 the less frequently hair is washed, the longer the effect will last. It&#8217;s recommended to schedule color services approximately two weeks before or after the treatment.<\/p>\n<hr data-sourcepos=\"50:1-50:5\" \/>\n<h3 data-sourcepos=\"52:1-52:21\">Treatment process<\/h3>\n<p data-sourcepos=\"54:1-54:329\">The treatment begins with washing your hair at the salon, after which the keratin treatment product is applied to dry hair. The product&#8217;s effect is activated by blow-drying and a flat iron, carefully treating each hair section multiple times. The entire process takes <strong>2\u20136 hours<\/strong>, depending on your hair&#8217;s length and thickness.<\/p>\n<hr data-sourcepos=\"56:1-56:5\" \/>\n<h3 data-sourcepos=\"58:1-58:13\">Aftercare<\/h3>\n<p data-sourcepos=\"60:1-60:162\">To ensure the best and longest-lasting results from the treatment, we recommend using <strong>sulfate-free and sodium chloride-free<\/strong> shampoo and conditioning products.<\/p>\n<p data-sourcepos=\"62:1-62:127\">This treatment always requires a <strong>consultation<\/strong> before confirming your booking, so we can tailor the perfect service for you.<\/p>\n<hr data-sourcepos=\"64:1-64:5\" \/>\n<h3 data-sourcepos=\"66:1-66:32\">Keratin treatment price list<\/h3>\n<div class=\"horizontal-scroll-wrapper\">\n<div class=\"table-block-component\">\n<div class=\"table-block has-export-button\">\n<div class=\"table-content not-end-of-paragraph\">\n<table data-sourcepos=\"68:1-73:64\">\n<tbody>\n<tr data-sourcepos=\"68:1-68:64\">\n<th align=\"left\" data-sourcepos=\"68:1-68:23\">Hair Length\/Thickness<\/th>\n<th align=\"left\" data-sourcepos=\"68:25-68:35\">Fine Hair<\/th>\n<th align=\"left\" data-sourcepos=\"68:37-68:49\">Normal Hair<\/th>\n<th align=\"left\" data-sourcepos=\"68:51-68:62\">Thick Hair<\/th>\n<\/tr>\n<tr data-sourcepos=\"70:1-70:64\">\n<td align=\"left\" data-sourcepos=\"70:1-70:23\">Short<\/td>\n<td align=\"left\" data-sourcepos=\"70:25-70:35\">200\u20ac<\/td>\n<td align=\"left\" data-sourcepos=\"70:37-70:49\">220\u20ac<\/td>\n<td align=\"left\" data-sourcepos=\"70:51-70:62\">250\u20ac<\/td>\n<\/tr>\n<tr data-sourcepos=\"71:1-71:64\">\n<td align=\"left\" data-sourcepos=\"71:1-71:23\">Medium Length<\/td>\n<td align=\"left\" data-sourcepos=\"71:25-71:35\">255\u20ac<\/td>\n<td align=\"left\" data-sourcepos=\"71:37-71:49\">310\u20ac<\/td>\n<td align=\"left\" data-sourcepos=\"71:51-71:62\">370\u20ac<\/td>\n<\/tr>\n<tr data-sourcepos=\"72:1-72:64\">\n<td align=\"left\" data-sourcepos=\"72:1-72:23\">Long<\/td>\n<td align=\"left\" data-sourcepos=\"72:25-72:35\">380\u20ac<\/td>\n<td align=\"left\" data-sourcepos=\"72:37-72:49\">420\u20ac<\/td>\n<td align=\"left\" data-sourcepos=\"72:51-72:62\">510\u20ac<\/td>\n<\/tr>\n<tr data-sourcepos=\"73:1-73:64\">\n<td align=\"left\" data-sourcepos=\"73:1-73:23\">Extra Long<\/td>\n<td align=\"left\" data-sourcepos=\"73:25-73:35\">480\u20ac<\/td>\n<td align=\"left\" data-sourcepos=\"73:37-73:49\">530\u20ac<\/td>\n<td align=\"left\" data-sourcepos=\"73:51-73:62\">610\u20ac<\/td>\n<\/tr>\n<\/tbody>\n<\/table>\n<\/div>\n<div class=\"table-footer hide-from-message-actions ng-star-inserted\"><\/div>\n<\/div>\n<\/div>\n<\/div>\n<hr data-sourcepos=\"75:1-75:5\" \/>\n<h2>Smoothfiller \u2013 Smoothen. Fill. Rebuild.<\/h2>\n<p>Smoothfiller is a lightweight, bond-strenghtening treatment that smoothens and fills the hair structure from within. It tames frizz, adds shine and makes hair more manageable for up to three months, without taking away its natural movement and feel.<\/p>\n<p><strong>For whom<\/strong><\/p>\n<p>For dry, frizzy hair that is prone to static, when you want long-lasting smoothness and easier styling without the heavy feeling.<\/p>\n<p><strong>What you can expect<\/strong><\/p>\n<p>Soft, well-groomed and moisture-retaining hair that is faster and easier to manage in the midst of everyday hustle.<\/p>\n<p><strong>Duration of the final result<\/strong><\/p>\n<p>The final result lasts on the hair for up to three months.<\/p>\n<h3 data-sourcepos=\"66:1-66:32\">Smoothfiller price list<\/h3>\n<div class=\"horizontal-scroll-wrapper\">\n<div class=\"table-block-component\">\n<div class=\"table-block has-export-button\">\n<div class=\"table-content not-end-of-paragraph\">\n<table data-sourcepos=\"68:1-73:64\">\n<tbody>\n<tr data-sourcepos=\"68:1-68:64\">\n<th align=\"left\" data-sourcepos=\"68:1-68:23\">Hair Length\/Thickness<\/th>\n<th align=\"left\" data-sourcepos=\"68:25-68:35\">Fine Hair<\/th>\n<th align=\"left\" data-sourcepos=\"68:37-68:49\">Normal Hair<\/th>\n<th align=\"left\" data-sourcepos=\"68:51-68:62\">Thick Hair<\/th>\n<\/tr>\n<tr data-sourcepos=\"70:1-70:64\">\n<td align=\"left\" data-sourcepos=\"70:1-70:23\">Short<\/td>\n<td align=\"left\" data-sourcepos=\"70:25-70:35\">150\u20ac<\/td>\n<td align=\"left\" data-sourcepos=\"70:37-70:49\">170\u20ac<\/td>\n<td align=\"left\" data-sourcepos=\"70:51-70:62\">190\u20ac<\/td>\n<\/tr>\n<tr data-sourcepos=\"71:1-71:64\">\n<td align=\"left\" data-sourcepos=\"71:1-71:23\">Medium Length<\/td>\n<td align=\"left\" data-sourcepos=\"71:25-71:35\">200\u20ac<\/td>\n<td align=\"left\" data-sourcepos=\"71:37-71:49\">230\u20ac<\/td>\n<td align=\"left\" data-sourcepos=\"71:51-71:62\">260\u20ac<\/td>\n<\/tr>\n<tr data-sourcepos=\"72:1-72:64\">\n<td align=\"left\" data-sourcepos=\"72:1-72:23\">Long<\/td>\n<td align=\"left\" data-sourcepos=\"72:25-72:35\">270\u20ac<\/td>\n<td align=\"left\" data-sourcepos=\"72:37-72:49\">300\u20ac<\/td>\n<td align=\"left\" data-sourcepos=\"72:51-72:62\">350\u20ac<\/td>\n<\/tr>\n<tr data-sourcepos=\"73:1-73:64\">\n<td align=\"left\" data-sourcepos=\"73:1-73:23\">Extra Long<\/td>\n<td align=\"left\" data-sourcepos=\"73:25-73:35\">330\u20ac<\/td>\n<td align=\"left\" data-sourcepos=\"73:37-73:49\">370\u20ac<\/td>\n<td align=\"left\" data-sourcepos=\"73:51-73:62\">430\u20ac<\/td>\n<\/tr>\n<\/tbody>\n<\/table>\n<\/div>\n<\/div>\n<\/div>\n<\/div>\n<p>&nbsp;<\/p>\n<p><em><strong>All of our treatments above require a consultation before confirming your booking, so that we can choose the treatment that is right for you. You can book a consultation by emailing us info@Qhair.fi or <a href=\"https:\/\/qhair.fi\/en\/contact\/\">by calling the salon<\/a>.<\/strong><\/em><\/p>\n","protected":false},"excerpt":{"rendered":"<p>Q Hair special treatments \u2013 curls, smoothness and easier manageability At Q Hair we offer a variety of hair treatments to help you achieve the results you desire; soft waves, long-lasting curls, stunning smoothness or added volume and manageability. Explore the options below and find the treatment that&#8217;s best for you! Consultation visit If you [&hellip;]<\/p>\n","protected":false},"author":3,"featured_media":735,"parent":326,"menu_order":5,"comment_status":"open","ping_status":"closed","template":"inc\/childpage.php","meta":{"_acf_changed":false,"_improvement_type_select":"improve_an_existing","_thumb_yes_seoaic":false,"_frame_yes_seoaic":false,"seoaic_generate_description":"","seoaic_improve_instructions_prompt":"","seoaic_rollback_content_improvement":"","seoaic_idea_thumbnail_generator":"","thumbnail_generated":false,"thumbnail_generate_prompt":"","seoaic_article_description":"","footnotes":""},"class_list":["post-344","page","type-page","status-publish","has-post-thumbnail","hentry","entry"],"acf":[],"yoast_head":"<!-- This site is optimized with the Yoast SEO Premium plugin v27.2 (Yoast SEO v27.4) - https:\/\/yoast.com\/product\/yoast-seo-premium-wordpress\/ -->\n<title>DIGITAL PERM AND KERATIN TREATMENTS - Q Hair | Helsinki best hair salon<\/title>\n<meta name=\"robots\" content=\"index, follow, max-snippet:-1, max-image-preview:large, max-video-preview:-1\" \/>\n<link rel=\"canonical\" href=\"https:\/\/qhair.fi\/palvelut\/permikset-ja-keratiinikasittelyt\/\" \/>\n<meta property=\"og:locale\" content=\"en_US\" \/>\n<meta property=\"og:type\" content=\"article\" \/>\n<meta property=\"og:title\" content=\"DIGITAL PERM AND KERATIN TREATMENTS\" \/>\n<meta property=\"og:description\" content=\"Q Hair special treatments \u2013 curls, smoothness and easier manageability At Q Hair we offer a variety of hair treatments to help you achieve the results you desire; soft waves, long-lasting curls, stunning smoothness or added volume and manageability. Explore the options below and find the treatment that&#8217;s best for you! Consultation visit If you [&hellip;]\" \/>\n<meta property=\"og:url\" content=\"https:\/\/qhair.fi\/palvelut\/permikset-ja-keratiinikasittelyt\/\" \/>\n<meta property=\"og:site_name\" content=\"Q Hair | Helsinki best hair salon\" \/>\n<meta property=\"article:publisher\" content=\"http:\/\/facebook.com\/hairq\/\" \/>\n<meta property=\"article:modified_time\" content=\"2026-01-07T12:15:10+00:00\" \/>\n<meta property=\"og:image\" content=\"https:\/\/i0.wp.com\/qhair.fi\/wp-content\/uploads\/2019\/03\/5.SUORISTUKSET_PERMANENTIT.jpg?fit=1127%2C667&ssl=1\" \/>\n\t<meta property=\"og:image:width\" content=\"1127\" \/>\n\t<meta property=\"og:image:height\" content=\"667\" \/>\n\t<meta property=\"og:image:type\" content=\"image\/jpeg\" \/>\n<meta name=\"twitter:card\" content=\"summary_large_image\" \/>\n<meta name=\"twitter:site\" content=\"@qhairq\" \/>\n<meta name=\"twitter:label1\" content=\"Est. reading time\" \/>\n\t<meta name=\"twitter:data1\" content=\"5 minutes\" \/>\n<script type=\"application\/ld+json\" class=\"yoast-schema-graph\">{\"@context\":\"https:\\\/\\\/schema.org\",\"@graph\":[{\"@type\":\"WebPage\",\"@id\":\"https:\\\/\\\/qhair.fi\\\/palvelut\\\/permikset-ja-keratiinikasittelyt\\\/\",\"url\":\"https:\\\/\\\/qhair.fi\\\/palvelut\\\/permikset-ja-keratiinikasittelyt\\\/\",\"name\":\"DIGITAL PERM AND KERATIN TREATMENTS - Q Hair | Helsinki best hair salon\",\"isPartOf\":{\"@id\":\"https:\\\/\\\/qhair.fi\\\/#website\"},\"primaryImageOfPage\":{\"@id\":\"https:\\\/\\\/qhair.fi\\\/palvelut\\\/permikset-ja-keratiinikasittelyt\\\/#primaryimage\"},\"image\":{\"@id\":\"https:\\\/\\\/qhair.fi\\\/palvelut\\\/permikset-ja-keratiinikasittelyt\\\/#primaryimage\"},\"thumbnailUrl\":\"https:\\\/\\\/i0.wp.com\\\/qhair.fi\\\/wp-content\\\/uploads\\\/2019\\\/03\\\/5.SUORISTUKSET_PERMANENTIT.jpg?fit=1127%2C667&ssl=1\",\"datePublished\":\"2019-02-15T06:23:14+00:00\",\"dateModified\":\"2026-01-07T12:15:10+00:00\",\"breadcrumb\":{\"@id\":\"https:\\\/\\\/qhair.fi\\\/palvelut\\\/permikset-ja-keratiinikasittelyt\\\/#breadcrumb\"},\"inLanguage\":\"en-US\",\"potentialAction\":[{\"@type\":\"ReadAction\",\"target\":[\"https:\\\/\\\/qhair.fi\\\/palvelut\\\/permikset-ja-keratiinikasittelyt\\\/\"]}]},{\"@type\":\"ImageObject\",\"inLanguage\":\"en-US\",\"@id\":\"https:\\\/\\\/qhair.fi\\\/palvelut\\\/permikset-ja-keratiinikasittelyt\\\/#primaryimage\",\"url\":\"https:\\\/\\\/i0.wp.com\\\/qhair.fi\\\/wp-content\\\/uploads\\\/2019\\\/03\\\/5.SUORISTUKSET_PERMANENTIT.jpg?fit=1127%2C667&ssl=1\",\"contentUrl\":\"https:\\\/\\\/i0.wp.com\\\/qhair.fi\\\/wp-content\\\/uploads\\\/2019\\\/03\\\/5.SUORISTUKSET_PERMANENTIT.jpg?fit=1127%2C667&ssl=1\",\"width\":1127,\"height\":667},{\"@type\":\"BreadcrumbList\",\"@id\":\"https:\\\/\\\/qhair.fi\\\/palvelut\\\/permikset-ja-keratiinikasittelyt\\\/#breadcrumb\",\"itemListElement\":[{\"@type\":\"ListItem\",\"position\":1,\"name\":\"Home\",\"item\":\"https:\\\/\\\/qhair.fi\\\/\"},{\"@type\":\"ListItem\",\"position\":2,\"name\":\"Services\",\"item\":\"https:\\\/\\\/qhair.fi\\\/palvelut\\\/\"},{\"@type\":\"ListItem\",\"position\":3,\"name\":\"DIGITAL PERM AND KERATIN TREATMENTS\"}]},{\"@type\":\"WebSite\",\"@id\":\"https:\\\/\\\/qhair.fi\\\/#website\",\"url\":\"https:\\\/\\\/qhair.fi\\\/\",\"name\":\"Q Hair\",\"description\":\"Q Hair on edell\u00e4k\u00e4vij\u00e4 kampaamo Helsingin keskustassa. Saat meilt\u00e4 kaikki hiussalonkipalvelut alan uusimmilla tekniikoilla mm. hiustenleikkuut, klassiset v\u00e4rj\u00e4ykset, balayage, ombre, raidat, pidennykset, brasilialainen keratiinisuoristus ja parturi-palvelut.\",\"publisher\":{\"@id\":\"https:\\\/\\\/qhair.fi\\\/#organization\"},\"potentialAction\":[{\"@type\":\"SearchAction\",\"target\":{\"@type\":\"EntryPoint\",\"urlTemplate\":\"https:\\\/\\\/qhair.fi\\\/?s={search_term_string}\"},\"query-input\":{\"@type\":\"PropertyValueSpecification\",\"valueRequired\":true,\"valueName\":\"search_term_string\"}}],\"inLanguage\":\"en-US\"},{\"@type\":\"Organization\",\"@id\":\"https:\\\/\\\/qhair.fi\\\/#organization\",\"name\":\"Q Hair\",\"url\":\"https:\\\/\\\/qhair.fi\\\/\",\"logo\":{\"@type\":\"ImageObject\",\"inLanguage\":\"en-US\",\"@id\":\"https:\\\/\\\/qhair.fi\\\/#\\\/schema\\\/logo\\\/image\\\/\",\"url\":\"https:\\\/\\\/i0.wp.com\\\/qhair.fi\\\/wp-content\\\/uploads\\\/2019\\\/08\\\/q_hair_logo_uusi.jpg?fit=344%2C467&ssl=1\",\"contentUrl\":\"https:\\\/\\\/i0.wp.com\\\/qhair.fi\\\/wp-content\\\/uploads\\\/2019\\\/08\\\/q_hair_logo_uusi.jpg?fit=344%2C467&ssl=1\",\"width\":344,\"height\":467,\"caption\":\"Q Hair\"},\"image\":{\"@id\":\"https:\\\/\\\/qhair.fi\\\/#\\\/schema\\\/logo\\\/image\\\/\"},\"sameAs\":[\"http:\\\/\\\/facebook.com\\\/hairq\\\/\",\"https:\\\/\\\/x.com\\\/qhairq\",\"https:\\\/\\\/www.instagram.com\\\/qhairq\\\/\"]}]}<\/script>\n<!-- \/ Yoast SEO Premium plugin. -->","yoast_head_json":{"title":"DIGITAL PERM AND KERATIN TREATMENTS - Q Hair | Helsinki best hair salon","robots":{"index":"index","follow":"follow","max-snippet":"max-snippet:-1","max-image-preview":"max-image-preview:large","max-video-preview":"max-video-preview:-1"},"canonical":"https:\/\/qhair.fi\/palvelut\/permikset-ja-keratiinikasittelyt\/","og_locale":"en_US","og_type":"article","og_title":"DIGITAL PERM AND KERATIN TREATMENTS","og_description":"Q Hair special treatments \u2013 curls, smoothness and easier manageability At Q Hair we offer a variety of hair treatments to help you achieve the results you desire; soft waves, long-lasting curls, stunning smoothness or added volume and manageability. Explore the options below and find the treatment that&#8217;s best for you! Consultation visit If you [&hellip;]","og_url":"https:\/\/qhair.fi\/palvelut\/permikset-ja-keratiinikasittelyt\/","og_site_name":"Q Hair | Helsinki best hair salon","article_publisher":"http:\/\/facebook.com\/hairq\/","article_modified_time":"2026-01-07T12:15:10+00:00","og_image":[{"width":1127,"height":667,"url":"https:\/\/i0.wp.com\/qhair.fi\/wp-content\/uploads\/2019\/03\/5.SUORISTUKSET_PERMANENTIT.jpg?fit=1127%2C667&ssl=1","type":"image\/jpeg"}],"twitter_card":"summary_large_image","twitter_site":"@qhairq","twitter_misc":{"Est. reading time":"5 minutes"},"schema":{"@context":"https:\/\/schema.org","@graph":[{"@type":"WebPage","@id":"https:\/\/qhair.fi\/palvelut\/permikset-ja-keratiinikasittelyt\/","url":"https:\/\/qhair.fi\/palvelut\/permikset-ja-keratiinikasittelyt\/","name":"DIGITAL PERM AND KERATIN TREATMENTS - Q Hair | Helsinki best hair salon","isPartOf":{"@id":"https:\/\/qhair.fi\/#website"},"primaryImageOfPage":{"@id":"https:\/\/qhair.fi\/palvelut\/permikset-ja-keratiinikasittelyt\/#primaryimage"},"image":{"@id":"https:\/\/qhair.fi\/palvelut\/permikset-ja-keratiinikasittelyt\/#primaryimage"},"thumbnailUrl":"https:\/\/i0.wp.com\/qhair.fi\/wp-content\/uploads\/2019\/03\/5.SUORISTUKSET_PERMANENTIT.jpg?fit=1127%2C667&ssl=1","datePublished":"2019-02-15T06:23:14+00:00","dateModified":"2026-01-07T12:15:10+00:00","breadcrumb":{"@id":"https:\/\/qhair.fi\/palvelut\/permikset-ja-keratiinikasittelyt\/#breadcrumb"},"inLanguage":"en-US","potentialAction":[{"@type":"ReadAction","target":["https:\/\/qhair.fi\/palvelut\/permikset-ja-keratiinikasittelyt\/"]}]},{"@type":"ImageObject","inLanguage":"en-US","@id":"https:\/\/qhair.fi\/palvelut\/permikset-ja-keratiinikasittelyt\/#primaryimage","url":"https:\/\/i0.wp.com\/qhair.fi\/wp-content\/uploads\/2019\/03\/5.SUORISTUKSET_PERMANENTIT.jpg?fit=1127%2C667&ssl=1","contentUrl":"https:\/\/i0.wp.com\/qhair.fi\/wp-content\/uploads\/2019\/03\/5.SUORISTUKSET_PERMANENTIT.jpg?fit=1127%2C667&ssl=1","width":1127,"height":667},{"@type":"BreadcrumbList","@id":"https:\/\/qhair.fi\/palvelut\/permikset-ja-keratiinikasittelyt\/#breadcrumb","itemListElement":[{"@type":"ListItem","position":1,"name":"Home","item":"https:\/\/qhair.fi\/"},{"@type":"ListItem","position":2,"name":"Services","item":"https:\/\/qhair.fi\/palvelut\/"},{"@type":"ListItem","position":3,"name":"DIGITAL PERM AND KERATIN TREATMENTS"}]},{"@type":"WebSite","@id":"https:\/\/qhair.fi\/#website","url":"https:\/\/qhair.fi\/","name":"Q Hair","description":"Q Hair on edell\u00e4k\u00e4vij\u00e4 kampaamo Helsingin keskustassa. Saat meilt\u00e4 kaikki hiussalonkipalvelut alan uusimmilla tekniikoilla mm. hiustenleikkuut, klassiset v\u00e4rj\u00e4ykset, balayage, ombre, raidat, pidennykset, brasilialainen keratiinisuoristus ja parturi-palvelut.","publisher":{"@id":"https:\/\/qhair.fi\/#organization"},"potentialAction":[{"@type":"SearchAction","target":{"@type":"EntryPoint","urlTemplate":"https:\/\/qhair.fi\/?s={search_term_string}"},"query-input":{"@type":"PropertyValueSpecification","valueRequired":true,"valueName":"search_term_string"}}],"inLanguage":"en-US"},{"@type":"Organization","@id":"https:\/\/qhair.fi\/#organization","name":"Q Hair","url":"https:\/\/qhair.fi\/","logo":{"@type":"ImageObject","inLanguage":"en-US","@id":"https:\/\/qhair.fi\/#\/schema\/logo\/image\/","url":"https:\/\/i0.wp.com\/qhair.fi\/wp-content\/uploads\/2019\/08\/q_hair_logo_uusi.jpg?fit=344%2C467&ssl=1","contentUrl":"https:\/\/i0.wp.com\/qhair.fi\/wp-content\/uploads\/2019\/08\/q_hair_logo_uusi.jpg?fit=344%2C467&ssl=1","width":344,"height":467,"caption":"Q Hair"},"image":{"@id":"https:\/\/qhair.fi\/#\/schema\/logo\/image\/"},"sameAs":["http:\/\/facebook.com\/hairq\/","https:\/\/x.com\/qhairq","https:\/\/www.instagram.com\/qhairq\/"]}]}},"jetpack_sharing_enabled":true,"_links":{"self":[{"href":"https:\/\/qhair.fi\/en\/wp-json\/wp\/v2\/pages\/344","targetHints":{"allow":["GET"]}}],"collection":[{"href":"https:\/\/qhair.fi\/en\/wp-json\/wp\/v2\/pages"}],"about":[{"href":"https:\/\/qhair.fi\/en\/wp-json\/wp\/v2\/types\/page"}],"author":[{"embeddable":true,"href":"https:\/\/qhair.fi\/en\/wp-json\/wp\/v2\/users\/3"}],"replies":[{"embeddable":true,"href":"https:\/\/qhair.fi\/en\/wp-json\/wp\/v2\/comments?post=344"}],"version-history":[{"count":21,"href":"https:\/\/qhair.fi\/en\/wp-json\/wp\/v2\/pages\/344\/revisions"}],"predecessor-version":[{"id":13491,"href":"https:\/\/qhair.fi\/en\/wp-json\/wp\/v2\/pages\/344\/revisions\/13491"}],"up":[{"embeddable":true,"href":"https:\/\/qhair.fi\/en\/wp-json\/wp\/v2\/pages\/326"}],"wp:featuredmedia":[{"embeddable":true,"href":"https:\/\/qhair.fi\/en\/wp-json\/wp\/v2\/media\/735"}],"wp:attachment":[{"href":"https:\/\/qhair.fi\/en\/wp-json\/wp\/v2\/media?parent=344"}],"curies":[{"name":"wp","href":"https:\/\/api.w.org\/{rel}","templated":true}]}}