


{"id":321,"date":"2019-02-15T05:52:23","date_gmt":"2019-02-15T05:52:23","guid":{"rendered":"https:\/\/qhair.fi\/?page_id=321"},"modified":"2026-02-25T08:47:39","modified_gmt":"2026-02-25T06:47:39","slug":"home","status":"publish","type":"page","link":"https:\/\/qhair.fi\/en\/","title":{"rendered":"Home"},"content":{"rendered":"<p data-start=\"0\" data-end=\"203\">Q Hair is a pioneer in the hairdressing industry, located in the heart of Helsinki. We offer our clients high-quality and reliable service with solid professional expertise across all of our salons.<\/p>\n<p data-start=\"205\" data-end=\"325\" data-is-last-node=\"\" data-is-only-node=\"\">With us, you\u2019ll get the latest techniques and trends in the industry, as well as classic services tailored just for you.<\/p>\n","protected":false},"excerpt":{"rendered":"<p>Q Hair is a pioneer in the hairdressing industry, located in the heart of Helsinki. We offer our clients high-quality and reliable service with solid professional expertise across all of our salons. With us, you\u2019ll get the latest techniques and trends in the industry, as well as classic services tailored just for you.<\/p>\n","protected":false},"author":3,"featured_media":900,"parent":0,"menu_order":0,"comment_status":"open","ping_status":"closed","template":"template-parts\/tmp_homepage.php","meta":{"_acf_changed":false,"_improvement_type_select":"improve_an_existing","_thumb_yes_seoaic":false,"_frame_yes_seoaic":false,"seoaic_generate_description":"","seoaic_improve_instructions_prompt":"","seoaic_rollback_content_improvement":"","seoaic_idea_thumbnail_generator":"","thumbnail_generated":false,"thumbnail_generate_prompt":"","seoaic_article_description":"","footnotes":""},"class_list":["post-321","page","type-page","status-publish","has-post-thumbnail","hentry","entry"],"acf":[],"yoast_head":"<!-- This site is optimized with the Yoast SEO Premium plugin v27.4 (Yoast SEO v27.4) - https:\/\/yoast.com\/product\/yoast-seo-premium-wordpress\/ -->\n<title>Home - Q Hair | Helsinki best hair salon<\/title>\n<meta name=\"robots\" content=\"index, follow, max-snippet:-1, max-image-preview:large, max-video-preview:-1\" \/>\n<link rel=\"canonical\" href=\"https:\/\/qhair.fi\/\" \/>\n<meta property=\"og:locale\" content=\"en_US\" \/>\n<meta property=\"og:type\" content=\"article\" \/>\n<meta property=\"og:title\" content=\"Home\" \/>\n<meta property=\"og:description\" content=\"Q Hair is a pioneer in the hairdressing industry, located in the heart of Helsinki. We offer our clients high-quality and reliable service with solid professional expertise across all of our salons. With us, you\u2019ll get the latest techniques and trends in the industry, as well as classic services tailored just for you.\" \/>\n<meta property=\"og:url\" content=\"https:\/\/qhair.fi\/\" \/>\n<meta property=\"og:site_name\" content=\"Q Hair | Helsinki best hair salon\" \/>\n<meta property=\"article:publisher\" content=\"http:\/\/facebook.com\/hairq\/\" \/>\n<meta property=\"article:modified_time\" content=\"2026-02-25T06:47:39+00:00\" \/>\n<meta property=\"og:image\" content=\"https:\/\/i0.wp.com\/qhair.fi\/wp-content\/uploads\/2019\/04\/henkil%C3%B6kunta.jpg?fit=500%2C650&ssl=1\" \/>\n\t<meta property=\"og:image:width\" content=\"500\" \/>\n\t<meta property=\"og:image:height\" content=\"650\" \/>\n\t<meta property=\"og:image:type\" content=\"image\/jpeg\" \/>\n<meta name=\"twitter:card\" content=\"summary_large_image\" \/>\n<meta name=\"twitter:site\" content=\"@qhairq\" \/>\n<meta name=\"twitter:label1\" content=\"Est. reading time\" \/>\n\t<meta name=\"twitter:data1\" content=\"4 minutes\" \/>\n<script type=\"application\/ld+json\" class=\"yoast-schema-graph\">{\"@context\":\"https:\\\/\\\/schema.org\",\"@graph\":[{\"@type\":\"WebPage\",\"@id\":\"https:\\\/\\\/qhair.fi\\\/\",\"url\":\"https:\\\/\\\/qhair.fi\\\/\",\"name\":\"Home - Q Hair | Helsinki best hair salon\",\"isPartOf\":{\"@id\":\"https:\\\/\\\/qhair.fi\\\/#website\"},\"primaryImageOfPage\":{\"@id\":\"https:\\\/\\\/qhair.fi\\\/#primaryimage\"},\"image\":{\"@id\":\"https:\\\/\\\/qhair.fi\\\/#primaryimage\"},\"thumbnailUrl\":\"https:\\\/\\\/i0.wp.com\\\/qhair.fi\\\/wp-content\\\/uploads\\\/2019\\\/04\\\/henkil%C3%B6kunta.jpg?fit=500%2C650&ssl=1\",\"datePublished\":\"2019-02-15T05:52:23+00:00\",\"dateModified\":\"2026-02-25T06:47:39+00:00\",\"breadcrumb\":{\"@id\":\"https:\\\/\\\/qhair.fi\\\/#breadcrumb\"},\"inLanguage\":\"en-US\",\"potentialAction\":[{\"@type\":\"ReadAction\",\"target\":[\"https:\\\/\\\/qhair.fi\\\/\"]}]},{\"@type\":\"ImageObject\",\"inLanguage\":\"en-US\",\"@id\":\"https:\\\/\\\/qhair.fi\\\/#primaryimage\",\"url\":\"https:\\\/\\\/i0.wp.com\\\/qhair.fi\\\/wp-content\\\/uploads\\\/2019\\\/04\\\/henkil%C3%B6kunta.jpg?fit=500%2C650&ssl=1\",\"contentUrl\":\"https:\\\/\\\/i0.wp.com\\\/qhair.fi\\\/wp-content\\\/uploads\\\/2019\\\/04\\\/henkil%C3%B6kunta.jpg?fit=500%2C650&ssl=1\",\"width\":500,\"height\":650},{\"@type\":\"BreadcrumbList\",\"@id\":\"https:\\\/\\\/qhair.fi\\\/#breadcrumb\",\"itemListElement\":[{\"@type\":\"ListItem\",\"position\":1,\"name\":\"Home\",\"item\":\"https:\\\/\\\/qhair.fi\\\/\"},{\"@type\":\"ListItem\",\"position\":2,\"name\":\"Home\"}]},{\"@type\":\"WebSite\",\"@id\":\"https:\\\/\\\/qhair.fi\\\/#website\",\"url\":\"https:\\\/\\\/qhair.fi\\\/\",\"name\":\"Q Hair\",\"description\":\"Q Hair on edell\u00e4k\u00e4vij\u00e4 kampaamo Helsingin keskustassa. Saat meilt\u00e4 kaikki hiussalonkipalvelut alan uusimmilla tekniikoilla mm. hiustenleikkuut, klassiset v\u00e4rj\u00e4ykset, balayage, ombre, raidat, pidennykset, brasilialainen keratiinisuoristus ja parturi-palvelut.\",\"publisher\":{\"@id\":\"https:\\\/\\\/qhair.fi\\\/#organization\"},\"potentialAction\":[{\"@type\":\"SearchAction\",\"target\":{\"@type\":\"EntryPoint\",\"urlTemplate\":\"https:\\\/\\\/qhair.fi\\\/?s={search_term_string}\"},\"query-input\":{\"@type\":\"PropertyValueSpecification\",\"valueRequired\":true,\"valueName\":\"search_term_string\"}}],\"inLanguage\":\"en-US\"},{\"@type\":\"Organization\",\"@id\":\"https:\\\/\\\/qhair.fi\\\/#organization\",\"name\":\"Q Hair\",\"url\":\"https:\\\/\\\/qhair.fi\\\/\",\"logo\":{\"@type\":\"ImageObject\",\"inLanguage\":\"en-US\",\"@id\":\"https:\\\/\\\/qhair.fi\\\/#\\\/schema\\\/logo\\\/image\\\/\",\"url\":\"https:\\\/\\\/i0.wp.com\\\/qhair.fi\\\/wp-content\\\/uploads\\\/2019\\\/08\\\/q_hair_logo_uusi.jpg?fit=344%2C467&ssl=1\",\"contentUrl\":\"https:\\\/\\\/i0.wp.com\\\/qhair.fi\\\/wp-content\\\/uploads\\\/2019\\\/08\\\/q_hair_logo_uusi.jpg?fit=344%2C467&ssl=1\",\"width\":344,\"height\":467,\"caption\":\"Q Hair\"},\"image\":{\"@id\":\"https:\\\/\\\/qhair.fi\\\/#\\\/schema\\\/logo\\\/image\\\/\"},\"sameAs\":[\"http:\\\/\\\/facebook.com\\\/hairq\\\/\",\"https:\\\/\\\/x.com\\\/qhairq\",\"https:\\\/\\\/www.instagram.com\\\/qhairq\\\/\"]}]}<\/script>\n<!-- \/ Yoast SEO Premium plugin. -->","yoast_head_json":{"title":"Home - Q Hair | Helsinki best hair salon","robots":{"index":"index","follow":"follow","max-snippet":"max-snippet:-1","max-image-preview":"max-image-preview:large","max-video-preview":"max-video-preview:-1"},"canonical":"https:\/\/qhair.fi\/","og_locale":"en_US","og_type":"article","og_title":"Home","og_description":"Q Hair is a pioneer in the hairdressing industry, located in the heart of Helsinki. We offer our clients high-quality and reliable service with solid professional expertise across all of our salons. With us, you\u2019ll get the latest techniques and trends in the industry, as well as classic services tailored just for you.","og_url":"https:\/\/qhair.fi\/","og_site_name":"Q Hair | Helsinki best hair salon","article_publisher":"http:\/\/facebook.com\/hairq\/","article_modified_time":"2026-02-25T06:47:39+00:00","og_image":[{"width":500,"height":650,"url":"https:\/\/i0.wp.com\/qhair.fi\/wp-content\/uploads\/2019\/04\/henkil%C3%B6kunta.jpg?fit=500%2C650&ssl=1","type":"image\/jpeg"}],"twitter_card":"summary_large_image","twitter_site":"@qhairq","twitter_misc":{"Est. reading time":"4 minutes"},"schema":{"@context":"https:\/\/schema.org","@graph":[{"@type":"WebPage","@id":"https:\/\/qhair.fi\/","url":"https:\/\/qhair.fi\/","name":"Home - Q Hair | Helsinki best hair salon","isPartOf":{"@id":"https:\/\/qhair.fi\/#website"},"primaryImageOfPage":{"@id":"https:\/\/qhair.fi\/#primaryimage"},"image":{"@id":"https:\/\/qhair.fi\/#primaryimage"},"thumbnailUrl":"https:\/\/i0.wp.com\/qhair.fi\/wp-content\/uploads\/2019\/04\/henkil%C3%B6kunta.jpg?fit=500%2C650&ssl=1","datePublished":"2019-02-15T05:52:23+00:00","dateModified":"2026-02-25T06:47:39+00:00","breadcrumb":{"@id":"https:\/\/qhair.fi\/#breadcrumb"},"inLanguage":"en-US","potentialAction":[{"@type":"ReadAction","target":["https:\/\/qhair.fi\/"]}]},{"@type":"ImageObject","inLanguage":"en-US","@id":"https:\/\/qhair.fi\/#primaryimage","url":"https:\/\/i0.wp.com\/qhair.fi\/wp-content\/uploads\/2019\/04\/henkil%C3%B6kunta.jpg?fit=500%2C650&ssl=1","contentUrl":"https:\/\/i0.wp.com\/qhair.fi\/wp-content\/uploads\/2019\/04\/henkil%C3%B6kunta.jpg?fit=500%2C650&ssl=1","width":500,"height":650},{"@type":"BreadcrumbList","@id":"https:\/\/qhair.fi\/#breadcrumb","itemListElement":[{"@type":"ListItem","position":1,"name":"Home","item":"https:\/\/qhair.fi\/"},{"@type":"ListItem","position":2,"name":"Home"}]},{"@type":"WebSite","@id":"https:\/\/qhair.fi\/#website","url":"https:\/\/qhair.fi\/","name":"Q Hair","description":"Q Hair on edell\u00e4k\u00e4vij\u00e4 kampaamo Helsingin keskustassa. Saat meilt\u00e4 kaikki hiussalonkipalvelut alan uusimmilla tekniikoilla mm. hiustenleikkuut, klassiset v\u00e4rj\u00e4ykset, balayage, ombre, raidat, pidennykset, brasilialainen keratiinisuoristus ja parturi-palvelut.","publisher":{"@id":"https:\/\/qhair.fi\/#organization"},"potentialAction":[{"@type":"SearchAction","target":{"@type":"EntryPoint","urlTemplate":"https:\/\/qhair.fi\/?s={search_term_string}"},"query-input":{"@type":"PropertyValueSpecification","valueRequired":true,"valueName":"search_term_string"}}],"inLanguage":"en-US"},{"@type":"Organization","@id":"https:\/\/qhair.fi\/#organization","name":"Q Hair","url":"https:\/\/qhair.fi\/","logo":{"@type":"ImageObject","inLanguage":"en-US","@id":"https:\/\/qhair.fi\/#\/schema\/logo\/image\/","url":"https:\/\/i0.wp.com\/qhair.fi\/wp-content\/uploads\/2019\/08\/q_hair_logo_uusi.jpg?fit=344%2C467&ssl=1","contentUrl":"https:\/\/i0.wp.com\/qhair.fi\/wp-content\/uploads\/2019\/08\/q_hair_logo_uusi.jpg?fit=344%2C467&ssl=1","width":344,"height":467,"caption":"Q Hair"},"image":{"@id":"https:\/\/qhair.fi\/#\/schema\/logo\/image\/"},"sameAs":["http:\/\/facebook.com\/hairq\/","https:\/\/x.com\/qhairq","https:\/\/www.instagram.com\/qhairq\/"]}]}},"jetpack_sharing_enabled":true,"_links":{"self":[{"href":"https:\/\/qhair.fi\/en\/wp-json\/wp\/v2\/pages\/321","targetHints":{"allow":["GET"]}}],"collection":[{"href":"https:\/\/qhair.fi\/en\/wp-json\/wp\/v2\/pages"}],"about":[{"href":"https:\/\/qhair.fi\/en\/wp-json\/wp\/v2\/types\/page"}],"author":[{"embeddable":true,"href":"https:\/\/qhair.fi\/en\/wp-json\/wp\/v2\/users\/3"}],"replies":[{"embeddable":true,"href":"https:\/\/qhair.fi\/en\/wp-json\/wp\/v2\/comments?post=321"}],"version-history":[{"count":6,"href":"https:\/\/qhair.fi\/en\/wp-json\/wp\/v2\/pages\/321\/revisions"}],"predecessor-version":[{"id":13601,"href":"https:\/\/qhair.fi\/en\/wp-json\/wp\/v2\/pages\/321\/revisions\/13601"}],"wp:featuredmedia":[{"embeddable":true,"href":"https:\/\/qhair.fi\/en\/wp-json\/wp\/v2\/media\/900"}],"wp:attachment":[{"href":"https:\/\/qhair.fi\/en\/wp-json\/wp\/v2\/media?parent=321"}],"curies":[{"name":"wp","href":"https:\/\/api.w.org\/{rel}","templated":true}]}}